{"id":92,"date":"2024-02-16T11:22:54","date_gmt":"2024-02-16T11:22:54","guid":{"rendered":"https:\/\/nstlogistik.com\/?page_id=92"},"modified":"2024-06-26T08:50:05","modified_gmt":"2024-06-26T08:50:05","slug":"transport","status":"publish","type":"page","link":"https:\/\/nstlogistik.com\/de\/transport\/","title":{"rendered":"Transport"},"content":{"rendered":"<div data-elementor-type=\"wp-page\" data-elementor-id=\"92\" class=\"elementor elementor-92\" data-elementor-post-type=\"page\">\n\t\t\t\t\t\t<section class=\"elementor-section elementor-top-section elementor-element elementor-element-66bf271 elementor-section-boxed elementor-section-height-default elementor-section-height-default\" data-id=\"66bf271\" data-element_type=\"section\" data-e-type=\"section\" data-settings=\"{&quot;background_background&quot;:&quot;classic&quot;}\">\n\t\t\t\t\t\t\t<div class=\"elementor-background-overlay\"><\/div>\n\t\t\t\t\t\t\t<div class=\"elementor-container elementor-column-gap-default\">\n\t\t\t\t\t<div class=\"elementor-column elementor-col-100 elementor-top-column elementor-element elementor-element-26e5d344\" data-id=\"26e5d344\" data-element_type=\"column\" data-e-type=\"column\">\n\t\t\t<div class=\"elementor-widget-wrap elementor-element-populated\">\n\t\t\t\t\t\t<section class=\"elementor-section elementor-inner-section elementor-element elementor-element-6bdd9995 elementor-section-boxed elementor-section-height-default elementor-section-height-default\" data-id=\"6bdd9995\" data-element_type=\"section\" data-e-type=\"section\">\n\t\t\t\t\t\t<div class=\"elementor-container elementor-column-gap-default\">\n\t\t\t\t\t<div class=\"elementor-column elementor-col-100 elementor-inner-column elementor-element elementor-element-264c02cc\" data-id=\"264c02cc\" data-element_type=\"column\" data-e-type=\"column\">\n\t\t\t<div class=\"elementor-widget-wrap elementor-element-populated\">\n\t\t\t\t\t\t<div class=\"elementor-element elementor-element-3fb786f1 elementor-invisible elementor-widget elementor-widget-heading\" data-id=\"3fb786f1\" data-element_type=\"widget\" data-e-type=\"widget\" data-settings=\"{&quot;_animation&quot;:&quot;fadeInUp&quot;}\" data-widget_type=\"heading.default\">\n\t\t\t\t<div class=\"elementor-widget-container\">\n\t\t\t\t\t<h2 class=\"elementor-heading-title elementor-size-default\">Transport<\/h2>\t\t\t\t<\/div>\n\t\t\t\t<\/div>\n\t\t\t\t<div class=\"elementor-element elementor-element-7973fce2 elementor-invisible elementor-widget elementor-widget-text-editor\" data-id=\"7973fce2\" data-element_type=\"widget\" data-e-type=\"widget\" data-settings=\"{&quot;_animation&quot;:&quot;fadeInUp&quot;,&quot;_animation_delay&quot;:360}\" data-widget_type=\"text-editor.default\">\n\t\t\t\t<div class=\"elementor-widget-container\">\n\t\t\t\t\t\t\t\t\t<p><strong>Dieses Konzept umfasst viel mehr, als Sie vielleicht denken.\u00a0<\/strong><\/p>\t\t\t\t\t\t\t\t<\/div>\n\t\t\t\t<\/div>\n\t\t\t\t\t<\/div>\n\t\t<\/div>\n\t\t\t\t\t<\/div>\n\t\t<\/section>\n\t\t\t\t\t<\/div>\n\t\t<\/div>\n\t\t\t\t\t<\/div>\n\t\t<\/section>\n\t\t\t\t<section class=\"elementor-section elementor-top-section elementor-element elementor-element-75dd6c67 elementor-section-boxed elementor-section-height-default elementor-section-height-default\" data-id=\"75dd6c67\" data-element_type=\"section\" data-e-type=\"section\">\n\t\t\t\t\t\t<div class=\"elementor-container elementor-column-gap-default\">\n\t\t\t\t\t<div class=\"elementor-column elementor-col-100 elementor-top-column elementor-element elementor-element-2e5e249b\" data-id=\"2e5e249b\" data-element_type=\"column\" data-e-type=\"column\">\n\t\t\t<div class=\"elementor-widget-wrap elementor-element-populated\">\n\t\t\t\t\t\t<section class=\"elementor-section elementor-inner-section elementor-element elementor-element-69f0c6a6 elementor-section-boxed elementor-section-height-default elementor-section-height-default\" data-id=\"69f0c6a6\" data-element_type=\"section\" data-e-type=\"section\">\n\t\t\t\t\t\t<div class=\"elementor-container elementor-column-gap-default\">\n\t\t\t\t\t<div class=\"elementor-column elementor-col-33 elementor-inner-column elementor-element elementor-element-64c2b599 elementor-invisible\" data-id=\"64c2b599\" data-element_type=\"column\" data-e-type=\"column\" data-settings=\"{&quot;animation&quot;:&quot;fadeInUp&quot;,&quot;animation_delay&quot;:240}\">\n\t\t\t<div class=\"elementor-widget-wrap elementor-element-populated\">\n\t\t\t\t\t\t<div class=\"elementor-element elementor-element-3611a044 elementor-widget-mobile__width-initial ekit-equal-height-disable elementor-widget elementor-widget-elementskit-icon-box\" data-id=\"3611a044\" data-element_type=\"widget\" data-e-type=\"widget\" data-widget_type=\"elementskit-icon-box.default\">\n\t\t\t\t<div class=\"elementor-widget-container\">\n\t\t\t\t\t<div class=\"ekit-wid-con\" >        <!-- link opening -->\n                <a href=\"#\" class=\"ekit_global_links\">\n                <!-- end link opening -->\n\n        <div class=\"elementskit-infobox text-center text-center icon-top-align elementor-animation-\">\n                    <div class=\"elementskit-box-header elementor-animation-\">\n                <div class=\"elementskit-info-box-icon\">\n                    <i aria-hidden=\"true\" class=\"elementkit-infobox-icon far fa-check-square\"><\/i>\n                <\/div>\n          <\/div>\n                        <div class=\"box-body\">\n                            <h3 class=\"elementskit-info-box-title\">\n                    Transport ADR                <\/h3>\n                        \t\t  \t<p>NST bietet auch professionelle Gefahrguttransporte gem\u00e4\u00df den ADR-Vorschriften an. Wir garantieren einen sicheren und effizienten Transport von Materialien, die besondere Vorsicht erfordern. Wir bieten auch F\u00e4hrtransporte f\u00fcr Gefahrg\u00fcter an. Wir bauen das Vertrauen unserer Kunden auf soliden Grundlagen auf \u2013 wir halten alle Sicherheitsstandards ein und verbessern unsere Verfahren kontinuierlich, um den h\u00f6chsten Branchenstandards zu entsprechen. Wir gew\u00e4hrleisten Termintreue, Zuverl\u00e4ssigkeit und vollst\u00e4ndige rechtliche Konformit\u00e4t und achten dabei auf die Umwelt.<\/p>\n                                <\/div>\n        \n        \n                <\/div>\n                <\/a>\n        <\/div>\t\t\t\t<\/div>\n\t\t\t\t<\/div>\n\t\t\t\t\t<\/div>\n\t\t<\/div>\n\t\t\t\t<div class=\"elementor-column elementor-col-33 elementor-inner-column elementor-element elementor-element-3026088 elementor-invisible\" data-id=\"3026088\" data-element_type=\"column\" data-e-type=\"column\" data-settings=\"{&quot;animation&quot;:&quot;fadeInUp&quot;,&quot;animation_delay&quot;:240}\">\n\t\t\t<div class=\"elementor-widget-wrap elementor-element-populated\">\n\t\t\t\t\t\t<div class=\"elementor-element elementor-element-8601095 elementor-widget-mobile__width-initial ekit-equal-height-disable elementor-widget elementor-widget-elementskit-icon-box\" data-id=\"8601095\" data-element_type=\"widget\" data-e-type=\"widget\" data-widget_type=\"elementskit-icon-box.default\">\n\t\t\t\t<div class=\"elementor-widget-container\">\n\t\t\t\t\t<div class=\"ekit-wid-con\" >        <!-- link opening -->\n                <a href=\"#\" class=\"ekit_global_links\">\n                <!-- end link opening -->\n\n        <div class=\"elementskit-infobox text-center text-center icon-top-align elementor-animation-\">\n                    <div class=\"elementskit-box-header elementor-animation-\">\n                <div class=\"elementskit-info-box-icon\">\n                    <i aria-hidden=\"true\" class=\"elementkit-infobox-icon far fa-check-square\"><\/i>\n                <\/div>\n          <\/div>\n                        <div class=\"box-body\">\n                            <h3 class=\"elementskit-info-box-title\">\n                    Transport ch\u0142odniczy                <\/h3>\n                        \t\t  \t<p>Der Transport von Waren, die eine kontrollierte Temperatur erfordern, ist uns ebenfalls nicht fremd. Unsere K\u00fchlfahrzeugflotte ist mit modernen Technologien ausgestattet, die die Aufrechterhaltung geeigneter thermischer Bedingungen w\u00e4hrend des gesamten Transportprozesses gew\u00e4hrleisten. Dank unserer Erfahrung und hohen Betriebsstandards k\u00f6nnen wir garantieren, dass Produkte wie Lebensmittel, Medikamente und andere empfindliche Waren in einwandfreiem Zustand an ihrem Bestimmungsort ankommen. Wir gew\u00e4hrleisten Termintreue, Zuverl\u00e4ssigkeit und vollst\u00e4ndige Einhaltung der Hygienevorschriften in Mitteleuropa, Westeuropa und Skandinavien. \n<\/p>\n                                <\/div>\n        \n        \n                <\/div>\n                <\/a>\n        <\/div>\t\t\t\t<\/div>\n\t\t\t\t<\/div>\n\t\t\t\t\t<\/div>\n\t\t<\/div>\n\t\t\t\t<div class=\"elementor-column elementor-col-33 elementor-inner-column elementor-element elementor-element-7a37b2a elementor-invisible\" data-id=\"7a37b2a\" data-element_type=\"column\" data-e-type=\"column\" data-settings=\"{&quot;animation&quot;:&quot;fadeInUp&quot;,&quot;animation_delay&quot;:240}\">\n\t\t\t<div class=\"elementor-widget-wrap elementor-element-populated\">\n\t\t\t\t\t\t<div class=\"elementor-element elementor-element-346f28b elementor-widget-mobile__width-initial ekit-equal-height-disable elementor-widget elementor-widget-elementskit-icon-box\" data-id=\"346f28b\" data-element_type=\"widget\" data-e-type=\"widget\" data-widget_type=\"elementskit-icon-box.default\">\n\t\t\t\t<div class=\"elementor-widget-container\">\n\t\t\t\t\t<div class=\"ekit-wid-con\" >        <!-- link opening -->\n                <a href=\"#\" class=\"ekit_global_links\">\n                <!-- end link opening -->\n\n        <div class=\"elementskit-infobox text-center text-center icon-top-align elementor-animation-\">\n                    <div class=\"elementskit-box-header elementor-animation-\">\n                <div class=\"elementskit-info-box-icon\">\n                    <i aria-hidden=\"true\" class=\"elementkit-infobox-icon far fa-check-square\"><\/i>\n                <\/div>\n          <\/div>\n                        <div class=\"box-body\">\n                            <h3 class=\"elementskit-info-box-title\">\n                    Transport express                <\/h3>\n                        \t\t  \t<p>Expresslieferungen bedeuten schnelle und effiziente Transporte f\u00fcr die anspruchsvollsten Kunden. Unsere modernen Fahrzeuge sind mit GPS-Systemen ausgestattet, die eine Echtzeitverfolgung der Sendungen erm\u00f6glichen. Dadurch k\u00f6nnen unsere Kunden den Status ihrer Ladung vollst\u00e4ndig kontrollieren. Zus\u00e4tzlich bieten wir einen 24\/7-Speditionsservice an, der rund um die Uhr verf\u00fcgbar ist, um alle Fragen zu beantworten und Unterst\u00fctzung in jeder Phase des Transports zu leisten. Unser Engagement f\u00fcr Termintreue, Zuverl\u00e4ssigkeit und Flexibilit\u00e4t erm\u00f6glicht es uns, den h\u00f6chsten Standards in der Transport- und Logistikbranche gerecht zu werden.\n<\/p>\n                                <\/div>\n        \n        \n                <\/div>\n                <\/a>\n        <\/div>\t\t\t\t<\/div>\n\t\t\t\t<\/div>\n\t\t\t\t\t<\/div>\n\t\t<\/div>\n\t\t\t\t\t<\/div>\n\t\t<\/section>\n\t\t\t\t<section class=\"elementor-section elementor-inner-section elementor-element elementor-element-aa8ef52 elementor-section-boxed elementor-section-height-default elementor-section-height-default\" data-id=\"aa8ef52\" data-element_type=\"section\" data-e-type=\"section\">\n\t\t\t\t\t\t<div class=\"elementor-container elementor-column-gap-default\">\n\t\t\t\t\t<div class=\"elementor-column elementor-col-100 elementor-inner-column elementor-element elementor-element-0fbacdf elementor-invisible\" data-id=\"0fbacdf\" data-element_type=\"column\" data-e-type=\"column\" data-settings=\"{&quot;animation&quot;:&quot;fadeInUp&quot;,&quot;animation_delay&quot;:240}\">\n\t\t\t<div class=\"elementor-widget-wrap elementor-element-populated\">\n\t\t\t\t\t\t<div class=\"elementor-element elementor-element-1409df5 elementor-widget-mobile__width-initial elementor-widget__width-initial ekit-equal-height-disable elementor-widget elementor-widget-elementskit-icon-box\" data-id=\"1409df5\" data-element_type=\"widget\" data-e-type=\"widget\" data-widget_type=\"elementskit-icon-box.default\">\n\t\t\t\t<div class=\"elementor-widget-container\">\n\t\t\t\t\t<div class=\"ekit-wid-con\" >        <!-- link opening -->\n                <a href=\"#\" class=\"ekit_global_links\">\n                <!-- end link opening -->\n\n        <div class=\"elementskit-infobox text-center text-center icon-top-align elementor-animation-\">\n                    <div class=\"elementskit-box-header elementor-animation-\">\n                <div class=\"elementskit-info-box-icon\">\n                    <i aria-hidden=\"true\" class=\"elementkit-infobox-icon far fa-check-square\"><\/i>\n                <\/div>\n          <\/div>\n                        <div class=\"box-body\">\n                            <h3 class=\"elementskit-info-box-title\">\n                    Magazynowanie towar\u00f3w                <\/h3>\n                        \t\t  \t<p>Dank eines umfangreichen Netzwerks von Kunden, mit denen wir langj\u00e4hrige Beziehungen pflegen, bietet unser Unternehmen auch Lagerm\u00f6glichkeiten sowohl in Polen als auch in Westeuropa. Unsere Lager sind modern und gut ausgestattet, was eine sichere und effiziente Lagerung verschiedener Produkte erm\u00f6glicht. Die Zusammenarbeit mit unseren vertrauensw\u00fcrdigen Logistikpartnern erm\u00f6glicht es uns, den Lagerraum flexibel zu verwalten und schnell auf die Bed\u00fcrfnisse der Kunden zu reagieren. Wir bieten einen umfassenden Service, der nicht nur den Transport umfasst.<\/p>\n                                <\/div>\n        \n        \n                <\/div>\n                <\/a>\n        <\/div>\t\t\t\t<\/div>\n\t\t\t\t<\/div>\n\t\t\t\t\t<\/div>\n\t\t<\/div>\n\t\t\t\t\t<\/div>\n\t\t<\/section>\n\t\t\t\t\t<\/div>\n\t\t<\/div>\n\t\t\t\t\t<\/div>\n\t\t<\/section>\n\t\t\t\t<\/div>","protected":false},"excerpt":{"rendered":"<p>Transport Pod tym poj\u0119ciem kryj\u0119 si\u0119 znacznie wi\u0119cej ni\u017c Ci si\u0119 wydaje.\u00a0 Transport ADR NST zajmuje si\u0119 tak\u017ce \u015bwiadczeniem profesjonalnych us\u0142ug przewozu towar\u00f3w niebezpiecznych zgodnie z przepisami ADR. Gwarantujemy bezpieczny i sprawny transport materia\u0142\u00f3w, kt\u00f3re wymagaj\u0105 szczeg\u00f3lnej ostro\u017cno\u015bci. Oferujemy r\u00f3wnie\u017c us\u0142ugi przeprawiania towar\u00f3w niebezpiecznych przy pomocy prom\u00f3w morskich. Zaufanie naszych klient\u00f3w budujemy na solidnych fundamentach [&hellip;]<\/p>\n","protected":false},"author":1,"featured_media":0,"parent":0,"menu_order":0,"comment_status":"closed","ping_status":"closed","template":"","meta":{"footnotes":""},"class_list":["post-92","page","type-page","status-publish","hentry"],"_links":{"self":[{"href":"https:\/\/nstlogistik.com\/de\/wp-json\/wp\/v2\/pages\/92","targetHints":{"allow":["GET"]}}],"collection":[{"href":"https:\/\/nstlogistik.com\/de\/wp-json\/wp\/v2\/pages"}],"about":[{"href":"https:\/\/nstlogistik.com\/de\/wp-json\/wp\/v2\/types\/page"}],"author":[{"embeddable":true,"href":"https:\/\/nstlogistik.com\/de\/wp-json\/wp\/v2\/users\/1"}],"replies":[{"embeddable":true,"href":"https:\/\/nstlogistik.com\/de\/wp-json\/wp\/v2\/comments?post=92"}],"version-history":[{"count":44,"href":"https:\/\/nstlogistik.com\/de\/wp-json\/wp\/v2\/pages\/92\/revisions"}],"predecessor-version":[{"id":590,"href":"https:\/\/nstlogistik.com\/de\/wp-json\/wp\/v2\/pages\/92\/revisions\/590"}],"wp:attachment":[{"href":"https:\/\/nstlogistik.com\/de\/wp-json\/wp\/v2\/media?parent=92"}],"curies":[{"name":"wp","href":"https:\/\/api.w.org\/{rel}","templated":true}]}}