{"id":94,"date":"2024-02-16T11:23:12","date_gmt":"2024-02-16T11:23:12","guid":{"rendered":"https:\/\/nstlogistik.com\/?page_id=94"},"modified":"2024-06-19T12:44:05","modified_gmt":"2024-06-19T12:44:05","slug":"targi-i-eventy","status":"publish","type":"page","link":"https:\/\/nstlogistik.com\/de\/targi-i-eventy\/","title":{"rendered":"Targi i Eventy"},"content":{"rendered":"<div data-elementor-type=\"wp-page\" data-elementor-id=\"94\" class=\"elementor elementor-94\" data-elementor-post-type=\"page\">\n\t\t\t\t\t\t<section class=\"elementor-section elementor-top-section elementor-element elementor-element-3eb68ace elementor-section-boxed elementor-section-height-default elementor-section-height-default\" data-id=\"3eb68ace\" data-element_type=\"section\" data-e-type=\"section\" data-settings=\"{&quot;background_background&quot;:&quot;classic&quot;}\">\n\t\t\t\t\t\t\t<div class=\"elementor-background-overlay\"><\/div>\n\t\t\t\t\t\t\t<div class=\"elementor-container elementor-column-gap-default\">\n\t\t\t\t\t<div class=\"elementor-column elementor-col-100 elementor-top-column elementor-element elementor-element-73d066be\" data-id=\"73d066be\" data-element_type=\"column\" data-e-type=\"column\">\n\t\t\t<div class=\"elementor-widget-wrap elementor-element-populated\">\n\t\t\t\t\t\t<section class=\"elementor-section elementor-inner-section elementor-element elementor-element-145ba999 elementor-section-boxed elementor-section-height-default elementor-section-height-default\" data-id=\"145ba999\" data-element_type=\"section\" data-e-type=\"section\">\n\t\t\t\t\t\t<div class=\"elementor-container elementor-column-gap-default\">\n\t\t\t\t\t<div class=\"elementor-column elementor-col-100 elementor-inner-column elementor-element elementor-element-1c847574\" data-id=\"1c847574\" data-element_type=\"column\" data-e-type=\"column\">\n\t\t\t<div class=\"elementor-widget-wrap elementor-element-populated\">\n\t\t\t\t\t\t<div class=\"elementor-element elementor-element-571c3dfc elementor-invisible elementor-widget elementor-widget-heading\" data-id=\"571c3dfc\" data-element_type=\"widget\" data-e-type=\"widget\" data-settings=\"{&quot;_animation&quot;:&quot;fadeInUp&quot;}\" data-widget_type=\"heading.default\">\n\t\t\t\t<div class=\"elementor-widget-container\">\n\t\t\t\t\t<h2 class=\"elementor-heading-title elementor-size-default\">Targi i Eventy<\/h2>\t\t\t\t<\/div>\n\t\t\t\t<\/div>\n\t\t\t\t<div class=\"elementor-element elementor-element-731956bc elementor-invisible elementor-widget elementor-widget-text-editor\" data-id=\"731956bc\" data-element_type=\"widget\" data-e-type=\"widget\" data-settings=\"{&quot;_animation&quot;:&quot;fadeInUp&quot;,&quot;_animation_delay&quot;:360}\" data-widget_type=\"text-editor.default\">\n\t\t\t\t<div class=\"elementor-widget-container\">\n\t\t\t\t\t\t\t\t\t<p>Przep\u0142yw informacji w czasie rzeczywistym kluczem do sukcesu w bran\u017cy<\/p>\t\t\t\t\t\t\t\t<\/div>\n\t\t\t\t<\/div>\n\t\t\t\t\t<\/div>\n\t\t<\/div>\n\t\t\t\t\t<\/div>\n\t\t<\/section>\n\t\t\t\t\t<\/div>\n\t\t<\/div>\n\t\t\t\t\t<\/div>\n\t\t<\/section>\n\t\t\t\t<section class=\"elementor-section elementor-top-section elementor-element elementor-element-665a56 elementor-section-boxed elementor-section-height-default elementor-section-height-default\" data-id=\"665a56\" data-element_type=\"section\" data-e-type=\"section\">\n\t\t\t\t\t\t<div class=\"elementor-container elementor-column-gap-default\">\n\t\t\t\t\t<div class=\"elementor-column elementor-col-100 elementor-top-column elementor-element elementor-element-6114917\" data-id=\"6114917\" data-element_type=\"column\" data-e-type=\"column\">\n\t\t\t<div class=\"elementor-widget-wrap elementor-element-populated\">\n\t\t\t\t\t\t<section class=\"elementor-section elementor-inner-section elementor-element elementor-element-1fd1b588 elementor-section-boxed elementor-section-height-default elementor-section-height-default\" data-id=\"1fd1b588\" data-element_type=\"section\" data-e-type=\"section\">\n\t\t\t\t\t\t<div class=\"elementor-container elementor-column-gap-default\">\n\t\t\t\t\t<div class=\"elementor-column elementor-col-50 elementor-inner-column elementor-element elementor-element-767ffe40 elementor-invisible\" data-id=\"767ffe40\" data-element_type=\"column\" data-e-type=\"column\" data-settings=\"{&quot;animation&quot;:&quot;fadeInUp&quot;,&quot;animation_delay&quot;:240}\">\n\t\t\t<div class=\"elementor-widget-wrap elementor-element-populated\">\n\t\t\t\t\t\t<div class=\"elementor-element elementor-element-935e710 elementor-widget-mobile__width-initial elementor-widget__width-initial ekit-equal-height-disable elementor-widget elementor-widget-elementskit-icon-box\" data-id=\"935e710\" data-element_type=\"widget\" data-e-type=\"widget\" data-widget_type=\"elementskit-icon-box.default\">\n\t\t\t\t<div class=\"elementor-widget-container\">\n\t\t\t\t\t<div class=\"ekit-wid-con\" >        <!-- link opening -->\n                <a href=\"#\" class=\"ekit_global_links\">\n                <!-- end link opening -->\n\n        <div class=\"elementskit-infobox text-center text-center icon-top-align elementor-animation-\">\n                    <div class=\"elementskit-box-header elementor-animation-\">\n                <div class=\"elementskit-info-box-icon\">\n                    <i aria-hidden=\"true\" class=\"elementkit-infobox-icon far fa-calendar-alt\"><\/i>\n                <\/div>\n          <\/div>\n                        <div class=\"box-body\">\n                            <h3 class=\"elementskit-info-box-title\">\n                    Langfristige Angebote                <\/h3>\n                        \t\t  \t<p>Bei No Stress Transport wissen wir, wie wichtig Planung und Kostensicherheit f\u00fcr unsere Kunden beim G\u00fctertransport sind. Deshalb bieten wir einen Service zur Preisermittlung f\u00fcr den Frachttransport mit entfernten Ausf\u00fchrungsterminen an, wobei der festgelegte Preis unabh\u00e4ngig von den sich \u00e4ndernden Marktbedingungen garantiert wird. Unsere Tarife sind immer \"all in\", einschlie\u00dflich F\u00e4hren, Br\u00fccken oder Mautgeb\u00fchren, sodass Sie sich als Auftraggeber um diese Angelegenheiten keine Sorgen machen m\u00fcssen.\n\nAuf der Grundlage detaillierter Informationen \u00fcber die Ladung, die Route und die Zeitvorgaben erstellen wir ein genaues Angebot.\nPreisgarantie? Der zum Zeitpunkt des Angebots festgelegte Preis bleibt bis zum Transporttag unver\u00e4ndert, was eine pr\u00e4zise Budgetplanung erm\u00f6glicht.\nIndividueller Ansatz \u2013 jeder Kunde ist f\u00fcr uns einzigartig, daher gehen wir jedes Angebot individuell an und ber\u00fccksichtigen spezifische Bed\u00fcrfnisse und Anforderungen.<\/p>\n                                <\/div>\n        \n        \n                <\/div>\n                <\/a>\n        <\/div>\t\t\t\t<\/div>\n\t\t\t\t<\/div>\n\t\t\t\t\t<\/div>\n\t\t<\/div>\n\t\t\t\t<div class=\"elementor-column elementor-col-50 elementor-inner-column elementor-element elementor-element-7927c1f8 elementor-invisible\" data-id=\"7927c1f8\" data-element_type=\"column\" data-e-type=\"column\" data-settings=\"{&quot;animation&quot;:&quot;fadeInUp&quot;}\">\n\t\t\t<div class=\"elementor-widget-wrap elementor-element-populated\">\n\t\t\t\t\t\t<div class=\"elementor-element elementor-element-780a515 elementor-widget elementor-widget-image\" data-id=\"780a515\" data-element_type=\"widget\" data-e-type=\"widget\" data-widget_type=\"image.default\">\n\t\t\t\t<div class=\"elementor-widget-container\">\n\t\t\t\t\t\t\t\t\t\t\t\t\t\t\t<img fetchpriority=\"high\" decoding=\"async\" width=\"697\" height=\"665\" src=\"https:\/\/nstlogistik.com\/wp-content\/uploads\/2024\/06\/1000_F_43524269_wOb6YJ8u4iLGsQT0KMyH1mfhnFzj7imu-5.jpg\" class=\"attachment-large size-large wp-image-533\" alt=\"\" srcset=\"https:\/\/nstlogistik.com\/wp-content\/uploads\/2024\/06\/1000_F_43524269_wOb6YJ8u4iLGsQT0KMyH1mfhnFzj7imu-5.jpg 697w, https:\/\/nstlogistik.com\/wp-content\/uploads\/2024\/06\/1000_F_43524269_wOb6YJ8u4iLGsQT0KMyH1mfhnFzj7imu-5-300x286.jpg 300w, https:\/\/nstlogistik.com\/wp-content\/uploads\/2024\/06\/1000_F_43524269_wOb6YJ8u4iLGsQT0KMyH1mfhnFzj7imu-5-13x12.jpg 13w\" sizes=\"(max-width: 697px) 100vw, 697px\" \/>\t\t\t\t\t\t\t\t\t\t\t\t\t\t\t<\/div>\n\t\t\t\t<\/div>\n\t\t\t\t\t<\/div>\n\t\t<\/div>\n\t\t\t\t\t<\/div>\n\t\t<\/section>\n\t\t\t\t<section class=\"elementor-section elementor-inner-section elementor-element elementor-element-a8cfdf0 elementor-section-boxed elementor-section-height-default elementor-section-height-default\" data-id=\"a8cfdf0\" data-element_type=\"section\" data-e-type=\"section\">\n\t\t\t\t\t\t<div class=\"elementor-container elementor-column-gap-default\">\n\t\t\t\t\t<div class=\"elementor-column elementor-col-50 elementor-inner-column elementor-element elementor-element-f75c83a elementor-invisible\" data-id=\"f75c83a\" data-element_type=\"column\" data-e-type=\"column\" data-settings=\"{&quot;animation&quot;:&quot;fadeInUp&quot;,&quot;animation_delay&quot;:240}\">\n\t\t\t<div class=\"elementor-widget-wrap elementor-element-populated\">\n\t\t\t\t\t\t<div class=\"elementor-element elementor-element-f975888 elementor-widget elementor-widget-image\" data-id=\"f975888\" data-element_type=\"widget\" data-e-type=\"widget\" data-widget_type=\"image.default\">\n\t\t\t\t<div class=\"elementor-widget-container\">\n\t\t\t\t\t\t\t\t\t\t\t\t\t\t\t<img decoding=\"async\" width=\"800\" height=\"627\" src=\"https:\/\/nstlogistik.com\/wp-content\/uploads\/2024\/06\/ssss-1-1024x803.jpg\" class=\"attachment-large size-large wp-image-554\" alt=\"\" srcset=\"https:\/\/nstlogistik.com\/wp-content\/uploads\/2024\/06\/ssss-1-1024x803.jpg 1024w, https:\/\/nstlogistik.com\/wp-content\/uploads\/2024\/06\/ssss-1-300x235.jpg 300w, https:\/\/nstlogistik.com\/wp-content\/uploads\/2024\/06\/ssss-1-768x602.jpg 768w, https:\/\/nstlogistik.com\/wp-content\/uploads\/2024\/06\/ssss-1-15x12.jpg 15w, https:\/\/nstlogistik.com\/wp-content\/uploads\/2024\/06\/ssss-1.jpg 1377w\" sizes=\"(max-width: 800px) 100vw, 800px\" \/>\t\t\t\t\t\t\t\t\t\t\t\t\t\t\t<\/div>\n\t\t\t\t<\/div>\n\t\t\t\t\t<\/div>\n\t\t<\/div>\n\t\t\t\t<div class=\"elementor-column elementor-col-50 elementor-inner-column elementor-element elementor-element-d0d477f\" data-id=\"d0d477f\" data-element_type=\"column\" data-e-type=\"column\">\n\t\t\t<div class=\"elementor-widget-wrap elementor-element-populated\">\n\t\t\t\t\t\t<div class=\"elementor-element elementor-element-3b145523 elementor-widget-mobile__width-initial elementor-widget__width-initial ekit-equal-height-disable elementor-widget elementor-widget-elementskit-icon-box\" data-id=\"3b145523\" data-element_type=\"widget\" data-e-type=\"widget\" data-widget_type=\"elementskit-icon-box.default\">\n\t\t\t\t<div class=\"elementor-widget-container\">\n\t\t\t\t\t<div class=\"ekit-wid-con\" >        <!-- link opening -->\n                <a href=\"#\" class=\"ekit_global_links\">\n                <!-- end link opening -->\n\n        <div class=\"elementskit-infobox text-center text-center icon-top-align elementor-animation-\">\n                    <div class=\"elementskit-box-header elementor-animation-\">\n                <div class=\"elementskit-info-box-icon\">\n                    <i aria-hidden=\"true\" class=\"elementkit-infobox-icon lnr lnr-location\"><\/i>\n                <\/div>\n          <\/div>\n                        <div class=\"box-body\">\n                            <h3 class=\"elementskit-info-box-title\">\n                    Standorte                 <\/h3>\n                        \t\t  \t<p>No Stress Transport liefert zu Messen und Veranstaltungen in ganz Europa. Hotels, Konferenzzentren, Sportst\u00e4tten und \u00f6ffentliche Geb\u00e4ude sind uns vertraut. Wir kennen die Infrastruktur und die Funktionsweise dieser Orte, was uns eine effiziente und effektive Bedienung erm\u00f6glicht. Unser Team verf\u00fcgt \u00fcber langj\u00e4hrige Erfahrung und zahlreiche Kontakte zu Personen, die sich mit der Logistik von Messen besch\u00e4ftigen, was es uns erm\u00f6glicht, Lieferungen und Abholungen nach Veranstaltungsende reibungslos und schnell durchzuf\u00fchren. Dank unserer F\u00e4higkeiten und unseres \u00fcber Jahre erworbenen Wissens k\u00f6nnen wir P\u00fcnktlichkeit und h\u00f6chste Qualit\u00e4t der Logistikdienstleistungen f\u00fcr Veranstaltungen jeder Art in ganz Europa, einschlie\u00dflich der Inseln, die per F\u00e4hre erreichbar sind, garantieren.<\/p>\n                                <\/div>\n        \n        \n                <\/div>\n                <\/a>\n        <\/div>\t\t\t\t<\/div>\n\t\t\t\t<\/div>\n\t\t\t\t\t<\/div>\n\t\t<\/div>\n\t\t\t\t\t<\/div>\n\t\t<\/section>\n\t\t\t\t<section class=\"elementor-section elementor-inner-section elementor-element elementor-element-a319ac7 elementor-section-boxed elementor-section-height-default elementor-section-height-default\" data-id=\"a319ac7\" data-element_type=\"section\" data-e-type=\"section\">\n\t\t\t\t\t\t<div class=\"elementor-container elementor-column-gap-default\">\n\t\t\t\t\t<div class=\"elementor-column elementor-col-50 elementor-inner-column elementor-element elementor-element-240a743\" data-id=\"240a743\" data-element_type=\"column\" data-e-type=\"column\">\n\t\t\t<div class=\"elementor-widget-wrap elementor-element-populated\">\n\t\t\t\t\t\t<div class=\"elementor-element elementor-element-23a26af elementor-widget-mobile__width-initial elementor-widget__width-initial ekit-equal-height-disable elementor-widget elementor-widget-elementskit-icon-box\" data-id=\"23a26af\" data-element_type=\"widget\" data-e-type=\"widget\" data-widget_type=\"elementskit-icon-box.default\">\n\t\t\t\t<div class=\"elementor-widget-container\">\n\t\t\t\t\t<div class=\"ekit-wid-con\" >        <!-- link opening -->\n                <a href=\"#\" class=\"ekit_global_links\">\n                <!-- end link opening -->\n\n        <div class=\"elementskit-infobox text-center text-center icon-top-align elementor-animation-\">\n                    <div class=\"elementskit-box-header elementor-animation-\">\n                <div class=\"elementskit-info-box-icon\">\n                    <i aria-hidden=\"true\" class=\"elementkit-infobox-icon fas fa-truck-loading\"><\/i>\n                <\/div>\n          <\/div>\n                        <div class=\"box-body\">\n                            <h3 class=\"elementskit-info-box-title\">\n                    Transportmittel                <\/h3>\n                        \t\t  \t<p>No Stress Transport verf\u00fcgt \u00fcber eine vielf\u00e4ltige Fahrzeugflotte, die sowohl Transporter, Solo-Lkw als auch Anh\u00e4nger umfasst. Viele unserer Fahrzeuge sind mit Hebeb\u00fchnen und Palettenwagen ausgestattet, was sich an den Lieferorten oft als unbezahlbar erweist. Unsere Fahrer sind mit der Infrastruktur und den Besonderheiten von Messen und Veranstaltungen bestens vertraut. Sie verstehen die Notwendigkeit, Waren direkt an Messest\u00e4nde oder in vom Kunden ausgewiesene R\u00e4ume zu liefern. Wir legen auch gro\u00dfen Wert auf h\u00f6chste Sicherheitsstandards, damit jede Fracht unbeschadet ankommt.<\/p>\n                                <\/div>\n        \n        \n                <\/div>\n                <\/a>\n        <\/div>\t\t\t\t<\/div>\n\t\t\t\t<\/div>\n\t\t\t\t\t<\/div>\n\t\t<\/div>\n\t\t\t\t<div class=\"elementor-column elementor-col-50 elementor-inner-column elementor-element elementor-element-1e50a35\" data-id=\"1e50a35\" data-element_type=\"column\" data-e-type=\"column\">\n\t\t\t<div class=\"elementor-widget-wrap elementor-element-populated\">\n\t\t\t\t\t\t<div class=\"elementor-element elementor-element-8a20752 elementor-widget elementor-widget-image\" data-id=\"8a20752\" data-element_type=\"widget\" data-e-type=\"widget\" data-widget_type=\"image.default\">\n\t\t\t\t<div class=\"elementor-widget-container\">\n\t\t\t\t\t\t\t\t\t\t\t\t\t\t\t<img decoding=\"async\" width=\"697\" height=\"512\" src=\"https:\/\/nstlogistik.com\/wp-content\/uploads\/2024\/06\/flotaa-1.jpg\" class=\"attachment-large size-large wp-image-558\" alt=\"\" srcset=\"https:\/\/nstlogistik.com\/wp-content\/uploads\/2024\/06\/flotaa-1.jpg 697w, https:\/\/nstlogistik.com\/wp-content\/uploads\/2024\/06\/flotaa-1-300x220.jpg 300w, https:\/\/nstlogistik.com\/wp-content\/uploads\/2024\/06\/flotaa-1-16x12.jpg 16w\" sizes=\"(max-width: 697px) 100vw, 697px\" \/>\t\t\t\t\t\t\t\t\t\t\t\t\t\t\t<\/div>\n\t\t\t\t<\/div>\n\t\t\t\t\t<\/div>\n\t\t<\/div>\n\t\t\t\t\t<\/div>\n\t\t<\/section>\n\t\t\t\t<section class=\"elementor-section elementor-inner-section elementor-element elementor-element-2788a0c elementor-section-boxed elementor-section-height-default elementor-section-height-default\" data-id=\"2788a0c\" data-element_type=\"section\" data-e-type=\"section\">\n\t\t\t\t\t\t<div class=\"elementor-container elementor-column-gap-default\">\n\t\t\t\t\t<div class=\"elementor-column elementor-col-50 elementor-inner-column elementor-element elementor-element-da2d5bc\" data-id=\"da2d5bc\" data-element_type=\"column\" data-e-type=\"column\">\n\t\t\t<div class=\"elementor-widget-wrap elementor-element-populated\">\n\t\t\t\t\t\t<div class=\"elementor-element elementor-element-10d76d9 elementor-widget elementor-widget-image\" data-id=\"10d76d9\" data-element_type=\"widget\" data-e-type=\"widget\" data-widget_type=\"image.default\">\n\t\t\t\t<div class=\"elementor-widget-container\">\n\t\t\t\t\t\t\t\t\t\t\t\t\t\t\t<img loading=\"lazy\" decoding=\"async\" width=\"800\" height=\"766\" src=\"https:\/\/nstlogistik.com\/wp-content\/uploads\/2024\/06\/komunikacja-interpersonalna-w-zyciukkkkkkkkk-1.jpg\" class=\"attachment-large size-large wp-image-561\" alt=\"\" srcset=\"https:\/\/nstlogistik.com\/wp-content\/uploads\/2024\/06\/komunikacja-interpersonalna-w-zyciukkkkkkkkk-1.jpg 836w, https:\/\/nstlogistik.com\/wp-content\/uploads\/2024\/06\/komunikacja-interpersonalna-w-zyciukkkkkkkkk-1-300x287.jpg 300w, https:\/\/nstlogistik.com\/wp-content\/uploads\/2024\/06\/komunikacja-interpersonalna-w-zyciukkkkkkkkk-1-768x735.jpg 768w, https:\/\/nstlogistik.com\/wp-content\/uploads\/2024\/06\/komunikacja-interpersonalna-w-zyciukkkkkkkkk-1-13x12.jpg 13w\" sizes=\"(max-width: 800px) 100vw, 800px\" \/>\t\t\t\t\t\t\t\t\t\t\t\t\t\t\t<\/div>\n\t\t\t\t<\/div>\n\t\t\t\t\t<\/div>\n\t\t<\/div>\n\t\t\t\t<div class=\"elementor-column elementor-col-50 elementor-inner-column elementor-element elementor-element-eb8cbc3\" data-id=\"eb8cbc3\" data-element_type=\"column\" data-e-type=\"column\">\n\t\t\t<div class=\"elementor-widget-wrap elementor-element-populated\">\n\t\t\t\t\t\t<div class=\"elementor-element elementor-element-e1a9aba elementor-widget-mobile__width-initial elementor-widget__width-initial ekit-equal-height-disable elementor-widget elementor-widget-elementskit-icon-box\" data-id=\"e1a9aba\" data-element_type=\"widget\" data-e-type=\"widget\" data-widget_type=\"elementskit-icon-box.default\">\n\t\t\t\t<div class=\"elementor-widget-container\">\n\t\t\t\t\t<div class=\"ekit-wid-con\" >        <!-- link opening -->\n                <a href=\"#\" class=\"ekit_global_links\">\n                <!-- end link opening -->\n\n        <div class=\"elementskit-infobox text-center text-center icon-top-align elementor-animation-\">\n                    <div class=\"elementskit-box-header elementor-animation-\">\n                <div class=\"elementskit-info-box-icon\">\n                    <i aria-hidden=\"true\" class=\"elementkit-infobox-icon far fa-comment-dots\"><\/i>\n                <\/div>\n          <\/div>\n                        <div class=\"box-body\">\n                            <h3 class=\"elementskit-info-box-title\">\n                    Kommunikationsmethoden                 <\/h3>\n                        \t\t  \t<p>Bei No Stress Transport legen wir gro\u00dfen Wert auf eine effektive und zuverl\u00e4ssige Kommunikation zwischen uns, unseren Kunden und den Personen, die die Veranstaltungen betreuen, zu denen wir liefern oder von denen wir Waren abholen. Unsere Mitarbeiter sind rund um die Uhr telefonisch, per WhatsApp und per E-Mail erreichbar, um Unterst\u00fctzung zu leisten und etwaige Probleme zu l\u00f6sen. Messe- und Eventlogistik ist sehr spezifisch und erfordert oft Arbeit au\u00dferhalb der regul\u00e4ren Arbeitszeiten, worauf wir stets vorbereitet sind.\n\nUm unseren Kunden maximale Sicherheit zu gew\u00e4hrleisten, \u00fcberlassen wir nichts dem Zufall. Jeder unserer Mitarbeiter hat einen Assistenten, was eine schnelle Reaktion auf unvorhergesehene Umst\u00e4nde erm\u00f6glicht. Der Kunde erh\u00e4lt stets vollst\u00e4ndige Kontaktdaten f\u00fcr zwei Personen, was Verf\u00fcgbarkeit und Unterst\u00fctzung in jeder Situation garantiert. So k\u00f6nnen wir eine reibungslose und stressfreie Logistikabwicklung gew\u00e4hrleisten, die den spezifischen Anforderungen der Eventbranche gerecht wird.<\/p>\n                                <\/div>\n        \n        \n                <\/div>\n                <\/a>\n        <\/div>\t\t\t\t<\/div>\n\t\t\t\t<\/div>\n\t\t\t\t\t<\/div>\n\t\t<\/div>\n\t\t\t\t\t<\/div>\n\t\t<\/section>\n\t\t\t\t\t<\/div>\n\t\t<\/div>\n\t\t\t\t\t<\/div>\n\t\t<\/section>\n\t\t\t\t<\/div>","protected":false},"excerpt":{"rendered":"<p>Targi i Eventy Przep\u0142yw informacji w czasie rzeczywistym kluczem do sukcesu w bran\u017cy Wyceny d\u0142ugoterminowe W No Stress Transport wiemy, jak wa\u017cne jest dla naszych klient\u00f3w planowanie i pewno\u015b\u0107 koszt\u00f3w zwi\u0105zanych z przewozem \u0142adunk\u00f3w. Dlatego oferujemy us\u0142ug\u0119 wyceniania przewozu \u0142adunk\u00f3w z odleg\u0142ymi terminami realizacji, gwarantuj\u0105c ustalon\u0105 cen\u0119 niezale\u017cnie od zmieniaj\u0105cych si\u0119 warunk\u00f3w rynkowych. Nasze stawki [&hellip;]<\/p>\n","protected":false},"author":1,"featured_media":0,"parent":0,"menu_order":0,"comment_status":"closed","ping_status":"closed","template":"","meta":{"footnotes":""},"class_list":["post-94","page","type-page","status-publish","hentry"],"_links":{"self":[{"href":"https:\/\/nstlogistik.com\/de\/wp-json\/wp\/v2\/pages\/94","targetHints":{"allow":["GET"]}}],"collection":[{"href":"https:\/\/nstlogistik.com\/de\/wp-json\/wp\/v2\/pages"}],"about":[{"href":"https:\/\/nstlogistik.com\/de\/wp-json\/wp\/v2\/types\/page"}],"author":[{"embeddable":true,"href":"https:\/\/nstlogistik.com\/de\/wp-json\/wp\/v2\/users\/1"}],"replies":[{"embeddable":true,"href":"https:\/\/nstlogistik.com\/de\/wp-json\/wp\/v2\/comments?post=94"}],"version-history":[{"count":50,"href":"https:\/\/nstlogistik.com\/de\/wp-json\/wp\/v2\/pages\/94\/revisions"}],"predecessor-version":[{"id":564,"href":"https:\/\/nstlogistik.com\/de\/wp-json\/wp\/v2\/pages\/94\/revisions\/564"}],"wp:attachment":[{"href":"https:\/\/nstlogistik.com\/de\/wp-json\/wp\/v2\/media?parent=94"}],"curies":[{"name":"wp","href":"https:\/\/api.w.org\/{rel}","templated":true}]}}