{"id":200,"date":"2024-02-16T14:48:24","date_gmt":"2024-02-16T14:48:24","guid":{"rendered":"https:\/\/nstlogistik.com\/?page_id=200"},"modified":"2024-06-26T11:37:41","modified_gmt":"2024-06-26T11:37:41","slug":"o-nas","status":"publish","type":"page","link":"https:\/\/nstlogistik.com\/en\/o-nas\/","title":{"rendered":"O nas"},"content":{"rendered":"<div data-elementor-type=\"wp-page\" data-elementor-id=\"200\" class=\"elementor elementor-200\" data-elementor-post-type=\"page\">\n\t\t\t\t\t\t<section class=\"elementor-section elementor-top-section elementor-element elementor-element-2c2d8c3e elementor-section-boxed elementor-section-height-default elementor-section-height-default\" data-id=\"2c2d8c3e\" data-element_type=\"section\" data-e-type=\"section\" data-settings=\"{&quot;background_background&quot;:&quot;classic&quot;}\">\n\t\t\t\t\t\t\t<div class=\"elementor-background-overlay\"><\/div>\n\t\t\t\t\t\t\t<div class=\"elementor-container elementor-column-gap-default\">\n\t\t\t\t\t<div class=\"elementor-column elementor-col-100 elementor-top-column elementor-element elementor-element-75ff5fe7\" data-id=\"75ff5fe7\" data-element_type=\"column\" data-e-type=\"column\">\n\t\t\t<div class=\"elementor-widget-wrap elementor-element-populated\">\n\t\t\t\t\t\t<section class=\"elementor-section elementor-inner-section elementor-element elementor-element-4c5e1f1f elementor-section-boxed elementor-section-height-default elementor-section-height-default\" data-id=\"4c5e1f1f\" data-element_type=\"section\" data-e-type=\"section\">\n\t\t\t\t\t\t<div class=\"elementor-container elementor-column-gap-default\">\n\t\t\t\t\t<div class=\"elementor-column elementor-col-100 elementor-inner-column elementor-element elementor-element-33084173\" data-id=\"33084173\" data-element_type=\"column\" data-e-type=\"column\">\n\t\t\t<div class=\"elementor-widget-wrap elementor-element-populated\">\n\t\t\t\t\t\t<div class=\"elementor-element elementor-element-159b2b60 elementor-invisible elementor-widget elementor-widget-heading\" data-id=\"159b2b60\" data-element_type=\"widget\" data-e-type=\"widget\" data-settings=\"{&quot;_animation&quot;:&quot;fadeInUp&quot;}\" data-widget_type=\"heading.default\">\n\t\t\t\t<div class=\"elementor-widget-container\">\n\t\t\t\t\t<h2 class=\"elementor-heading-title elementor-size-default\">About Us<\/h2>\t\t\t\t<\/div>\n\t\t\t\t<\/div>\n\t\t\t\t<div class=\"elementor-element elementor-element-32a9730d elementor-invisible elementor-widget elementor-widget-text-editor\" data-id=\"32a9730d\" data-element_type=\"widget\" data-e-type=\"widget\" data-settings=\"{&quot;_animation&quot;:&quot;fadeInUp&quot;,&quot;_animation_delay&quot;:360}\" data-widget_type=\"text-editor.default\">\n\t\t\t\t<div class=\"elementor-widget-container\">\n\t\t\t\t\t\t\t\t\t<p>Professionalism in every kilometer \u2013 Your logistics in good hands<\/p>\t\t\t\t\t\t\t\t<\/div>\n\t\t\t\t<\/div>\n\t\t\t\t\t<\/div>\n\t\t<\/div>\n\t\t\t\t\t<\/div>\n\t\t<\/section>\n\t\t\t\t\t<\/div>\n\t\t<\/div>\n\t\t\t\t\t<\/div>\n\t\t<\/section>\n\t\t\t\t<section class=\"elementor-section elementor-top-section elementor-element elementor-element-5b54865f elementor-section-boxed elementor-section-height-default elementor-section-height-default\" data-id=\"5b54865f\" data-element_type=\"section\" data-e-type=\"section\">\n\t\t\t\t\t\t<div class=\"elementor-container elementor-column-gap-default\">\n\t\t\t\t\t<div class=\"elementor-column elementor-col-100 elementor-top-column elementor-element elementor-element-443f83e5\" data-id=\"443f83e5\" data-element_type=\"column\" data-e-type=\"column\">\n\t\t\t<div class=\"elementor-widget-wrap elementor-element-populated\">\n\t\t\t\t\t\t<section class=\"elementor-section elementor-inner-section elementor-element elementor-element-2652931a elementor-section-boxed elementor-section-height-default elementor-section-height-default\" data-id=\"2652931a\" data-element_type=\"section\" data-e-type=\"section\">\n\t\t\t\t\t\t<div class=\"elementor-container elementor-column-gap-default\">\n\t\t\t\t\t<div class=\"elementor-column elementor-col-100 elementor-inner-column elementor-element elementor-element-1a482d3d\" data-id=\"1a482d3d\" data-element_type=\"column\" data-e-type=\"column\">\n\t\t\t<div class=\"elementor-widget-wrap elementor-element-populated\">\n\t\t\t\t\t\t<div class=\"elementor-element elementor-element-36377b2f elementor-invisible elementor-widget elementor-widget-heading\" data-id=\"36377b2f\" data-element_type=\"widget\" data-e-type=\"widget\" data-settings=\"{&quot;_animation&quot;:&quot;fadeInUp&quot;}\" data-widget_type=\"heading.default\">\n\t\t\t\t<div class=\"elementor-widget-container\">\n\t\t\t\t\t<h2 class=\"elementor-heading-title elementor-size-default\">Do You know what NST stands for? No Stress Transport!<\/h2>\t\t\t\t<\/div>\n\t\t\t\t<\/div>\n\t\t\t\t<div class=\"elementor-element elementor-element-7087dcf elementor-widget__width-initial elementor-widget elementor-widget-text-editor\" data-id=\"7087dcf\" data-element_type=\"widget\" data-e-type=\"widget\" data-widget_type=\"text-editor.default\">\n\t\t\t\t<div class=\"elementor-widget-container\">\n\t\t\t\t\t\t\t\t\t<p>No Stress Transport is a transport company with many years of experience, whose employees specialize in various branches of road transport. We serve clients in Polish, German, and English, providing comprehensive and professional service. Our specialty is logistics related to the organization of events such as trade fairs, exhibitions, and conferences. We are not afraid of challenges and are here to solve our clients' problems, offering reliable and efficient transport solutions. Thanks to our flexibility and commitment, we guarantee stress-free execution of every order \u2013 the name of the company obliges us to do so!<\/p><p>What sets us apart? We are not a huge corporation that treats employees and clients as numbers in a system. Our approach is very individual and personalized to the needs of each demanding client. Every client is a priority for us and is treated with the utmost respect and attention by the personnel serving them. At No Stress Transport, we focus on relationships and ensure that every experience with our company is positive and satisfying for our clients.<\/p>\t\t\t\t\t\t\t\t<\/div>\n\t\t\t\t<\/div>\n\t\t\t\t<div class=\"elementor-element elementor-element-1a6c33d elementor-widget elementor-widget-image\" data-id=\"1a6c33d\" data-element_type=\"widget\" data-e-type=\"widget\" data-widget_type=\"image.default\">\n\t\t\t\t<div class=\"elementor-widget-container\">\n\t\t\t\t\t\t\t\t\t\t\t\t\t\t\t<img fetchpriority=\"high\" decoding=\"async\" width=\"800\" height=\"315\" src=\"https:\/\/nstlogistik.com\/wp-content\/uploads\/2024\/06\/GettyImages-1134434018-scaledooooooooo-1024x403.jpg\" class=\"attachment-large size-large wp-image-605\" alt=\"\" srcset=\"https:\/\/nstlogistik.com\/wp-content\/uploads\/2024\/06\/GettyImages-1134434018-scaledooooooooo-1024x403.jpg 1024w, https:\/\/nstlogistik.com\/wp-content\/uploads\/2024\/06\/GettyImages-1134434018-scaledooooooooo-300x118.jpg 300w, https:\/\/nstlogistik.com\/wp-content\/uploads\/2024\/06\/GettyImages-1134434018-scaledooooooooo-768x302.jpg 768w, https:\/\/nstlogistik.com\/wp-content\/uploads\/2024\/06\/GettyImages-1134434018-scaledooooooooo-1536x604.jpg 1536w, https:\/\/nstlogistik.com\/wp-content\/uploads\/2024\/06\/GettyImages-1134434018-scaledooooooooo-2048x806.jpg 2048w, https:\/\/nstlogistik.com\/wp-content\/uploads\/2024\/06\/GettyImages-1134434018-scaledooooooooo-18x7.jpg 18w\" sizes=\"(max-width: 800px) 100vw, 800px\" \/>\t\t\t\t\t\t\t\t\t\t\t\t\t\t\t<\/div>\n\t\t\t\t<\/div>\n\t\t\t\t\t<\/div>\n\t\t<\/div>\n\t\t\t\t\t<\/div>\n\t\t<\/section>\n\t\t\t\t\t<\/div>\n\t\t<\/div>\n\t\t\t\t\t<\/div>\n\t\t<\/section>\n\t\t\t\t<\/div>","protected":false},"excerpt":{"rendered":"<p>O firmie Profesjonalizm w ka\u017cdym kilometrze \u2013 Twoja logistyka w dobrych r\u0119kach. Do You know what NST stands for? No Stress Transport! No Stress Transport to firma transportowa z wieloletnim do\u015bwiadczeniem, kt\u00f3rej pracownicy specjalizuj\u0105 si\u0119 w r\u00f3\u017cnych ga\u0142\u0119ziach transportu drogowego. Obs\u0142ugujemy klient\u00f3w w j\u0119zyku polskim, niemieckim i angielskim, zapewniaj\u0105c kompleksow\u0105 i profesjonaln\u0105 obs\u0142ug\u0119. Nasz\u0105 specjalizacj\u0105 [&hellip;]<\/p>\n","protected":false},"author":1,"featured_media":0,"parent":0,"menu_order":0,"comment_status":"closed","ping_status":"closed","template":"","meta":{"footnotes":""},"class_list":["post-200","page","type-page","status-publish","hentry"],"_links":{"self":[{"href":"https:\/\/nstlogistik.com\/en\/wp-json\/wp\/v2\/pages\/200","targetHints":{"allow":["GET"]}}],"collection":[{"href":"https:\/\/nstlogistik.com\/en\/wp-json\/wp\/v2\/pages"}],"about":[{"href":"https:\/\/nstlogistik.com\/en\/wp-json\/wp\/v2\/types\/page"}],"author":[{"embeddable":true,"href":"https:\/\/nstlogistik.com\/en\/wp-json\/wp\/v2\/users\/1"}],"replies":[{"embeddable":true,"href":"https:\/\/nstlogistik.com\/en\/wp-json\/wp\/v2\/comments?post=200"}],"version-history":[{"count":40,"href":"https:\/\/nstlogistik.com\/en\/wp-json\/wp\/v2\/pages\/200\/revisions"}],"predecessor-version":[{"id":611,"href":"https:\/\/nstlogistik.com\/en\/wp-json\/wp\/v2\/pages\/200\/revisions\/611"}],"wp:attachment":[{"href":"https:\/\/nstlogistik.com\/en\/wp-json\/wp\/v2\/media?parent=200"}],"curies":[{"name":"wp","href":"https:\/\/api.w.org\/{rel}","templated":true}]}}