{"id":92,"date":"2024-02-16T11:22:54","date_gmt":"2024-02-16T11:22:54","guid":{"rendered":"https:\/\/nstlogistik.com\/?page_id=92"},"modified":"2024-06-26T08:50:05","modified_gmt":"2024-06-26T08:50:05","slug":"transport","status":"publish","type":"page","link":"https:\/\/nstlogistik.com\/fr\/transport\/","title":{"rendered":"Transport"},"content":{"rendered":"<div data-elementor-type=\"wp-page\" data-elementor-id=\"92\" class=\"elementor elementor-92\" data-elementor-post-type=\"page\">\n\t\t\t\t\t\t<section class=\"elementor-section elementor-top-section elementor-element elementor-element-66bf271 elementor-section-boxed elementor-section-height-default elementor-section-height-default\" data-id=\"66bf271\" data-element_type=\"section\" data-e-type=\"section\" data-settings=\"{&quot;background_background&quot;:&quot;classic&quot;}\">\n\t\t\t\t\t\t\t<div class=\"elementor-background-overlay\"><\/div>\n\t\t\t\t\t\t\t<div class=\"elementor-container elementor-column-gap-default\">\n\t\t\t\t\t<div class=\"elementor-column elementor-col-100 elementor-top-column elementor-element elementor-element-26e5d344\" data-id=\"26e5d344\" data-element_type=\"column\" data-e-type=\"column\">\n\t\t\t<div class=\"elementor-widget-wrap elementor-element-populated\">\n\t\t\t\t\t\t<section class=\"elementor-section elementor-inner-section elementor-element elementor-element-6bdd9995 elementor-section-boxed elementor-section-height-default elementor-section-height-default\" data-id=\"6bdd9995\" data-element_type=\"section\" data-e-type=\"section\">\n\t\t\t\t\t\t<div class=\"elementor-container elementor-column-gap-default\">\n\t\t\t\t\t<div class=\"elementor-column elementor-col-100 elementor-inner-column elementor-element elementor-element-264c02cc\" data-id=\"264c02cc\" data-element_type=\"column\" data-e-type=\"column\">\n\t\t\t<div class=\"elementor-widget-wrap elementor-element-populated\">\n\t\t\t\t\t\t<div class=\"elementor-element elementor-element-3fb786f1 elementor-invisible elementor-widget elementor-widget-heading\" data-id=\"3fb786f1\" data-element_type=\"widget\" data-e-type=\"widget\" data-settings=\"{&quot;_animation&quot;:&quot;fadeInUp&quot;}\" data-widget_type=\"heading.default\">\n\t\t\t\t<div class=\"elementor-widget-container\">\n\t\t\t\t\t<h2 class=\"elementor-heading-title elementor-size-default\">Transport<\/h2>\t\t\t\t<\/div>\n\t\t\t\t<\/div>\n\t\t\t\t<div class=\"elementor-element elementor-element-7973fce2 elementor-invisible elementor-widget elementor-widget-text-editor\" data-id=\"7973fce2\" data-element_type=\"widget\" data-e-type=\"widget\" data-settings=\"{&quot;_animation&quot;:&quot;fadeInUp&quot;,&quot;_animation_delay&quot;:360}\" data-widget_type=\"text-editor.default\">\n\t\t\t\t<div class=\"elementor-widget-container\">\n\t\t\t\t\t\t\t\t\t<p><strong>Ce concept englobe bien plus que vous ne le pensez.\u00a0<\/strong><\/p>\t\t\t\t\t\t\t\t<\/div>\n\t\t\t\t<\/div>\n\t\t\t\t\t<\/div>\n\t\t<\/div>\n\t\t\t\t\t<\/div>\n\t\t<\/section>\n\t\t\t\t\t<\/div>\n\t\t<\/div>\n\t\t\t\t\t<\/div>\n\t\t<\/section>\n\t\t\t\t<section class=\"elementor-section elementor-top-section elementor-element elementor-element-75dd6c67 elementor-section-boxed elementor-section-height-default elementor-section-height-default\" data-id=\"75dd6c67\" data-element_type=\"section\" data-e-type=\"section\">\n\t\t\t\t\t\t<div class=\"elementor-container elementor-column-gap-default\">\n\t\t\t\t\t<div class=\"elementor-column elementor-col-100 elementor-top-column elementor-element elementor-element-2e5e249b\" data-id=\"2e5e249b\" data-element_type=\"column\" data-e-type=\"column\">\n\t\t\t<div class=\"elementor-widget-wrap elementor-element-populated\">\n\t\t\t\t\t\t<section class=\"elementor-section elementor-inner-section elementor-element elementor-element-69f0c6a6 elementor-section-boxed elementor-section-height-default elementor-section-height-default\" data-id=\"69f0c6a6\" data-element_type=\"section\" data-e-type=\"section\">\n\t\t\t\t\t\t<div class=\"elementor-container elementor-column-gap-default\">\n\t\t\t\t\t<div class=\"elementor-column elementor-col-33 elementor-inner-column elementor-element elementor-element-64c2b599 elementor-invisible\" data-id=\"64c2b599\" data-element_type=\"column\" data-e-type=\"column\" data-settings=\"{&quot;animation&quot;:&quot;fadeInUp&quot;,&quot;animation_delay&quot;:240}\">\n\t\t\t<div class=\"elementor-widget-wrap elementor-element-populated\">\n\t\t\t\t\t\t<div class=\"elementor-element elementor-element-3611a044 elementor-widget-mobile__width-initial ekit-equal-height-disable elementor-widget elementor-widget-elementskit-icon-box\" data-id=\"3611a044\" data-element_type=\"widget\" data-e-type=\"widget\" data-widget_type=\"elementskit-icon-box.default\">\n\t\t\t\t<div class=\"elementor-widget-container\">\n\t\t\t\t\t<div class=\"ekit-wid-con\" >        <!-- link opening -->\n                <a href=\"#\" class=\"ekit_global_links\">\n                <!-- end link opening -->\n\n        <div class=\"elementskit-infobox text-center text-center icon-top-align elementor-animation-\">\n                    <div class=\"elementskit-box-header elementor-animation-\">\n                <div class=\"elementskit-info-box-icon\">\n                    <i aria-hidden=\"true\" class=\"elementkit-infobox-icon far fa-check-square\"><\/i>\n                <\/div>\n          <\/div>\n                        <div class=\"box-body\">\n                            <h3 class=\"elementskit-info-box-title\">\n                    Transport ADR                <\/h3>\n                        \t\t  \t<p>NST fournit \u00e9galement des services professionnels de transport de marchandises dangereuses conform\u00e9ment aux r\u00e9glementations ADR. Nous garantissons un transport s\u00fbr et efficace des mat\u00e9riaux n\u00e9cessitant une pr\u00e9caution particuli\u00e8re. Nous offrons \u00e9galement des services de transport de marchandises dangereuses par ferry. Nous construisons la confiance de nos clients sur des bases solides \u2013 nous respectons toutes les normes de s\u00e9curit\u00e9 et am\u00e9liorons continuellement nos proc\u00e9dures pour r\u00e9pondre aux normes les plus \u00e9lev\u00e9es de l'industrie. Nous assurons la ponctualit\u00e9, la fiabilit\u00e9 et la pleine conformit\u00e9 l\u00e9gale tout en prenant soin de l'environnement naturel.<\/p>\n                                <\/div>\n        \n        \n                <\/div>\n                <\/a>\n        <\/div>\t\t\t\t<\/div>\n\t\t\t\t<\/div>\n\t\t\t\t\t<\/div>\n\t\t<\/div>\n\t\t\t\t<div class=\"elementor-column elementor-col-33 elementor-inner-column elementor-element elementor-element-3026088 elementor-invisible\" data-id=\"3026088\" data-element_type=\"column\" data-e-type=\"column\" data-settings=\"{&quot;animation&quot;:&quot;fadeInUp&quot;,&quot;animation_delay&quot;:240}\">\n\t\t\t<div class=\"elementor-widget-wrap elementor-element-populated\">\n\t\t\t\t\t\t<div class=\"elementor-element elementor-element-8601095 elementor-widget-mobile__width-initial ekit-equal-height-disable elementor-widget elementor-widget-elementskit-icon-box\" data-id=\"8601095\" data-element_type=\"widget\" data-e-type=\"widget\" data-widget_type=\"elementskit-icon-box.default\">\n\t\t\t\t<div class=\"elementor-widget-container\">\n\t\t\t\t\t<div class=\"ekit-wid-con\" >        <!-- link opening -->\n                <a href=\"#\" class=\"ekit_global_links\">\n                <!-- end link opening -->\n\n        <div class=\"elementskit-infobox text-center text-center icon-top-align elementor-animation-\">\n                    <div class=\"elementskit-box-header elementor-animation-\">\n                <div class=\"elementskit-info-box-icon\">\n                    <i aria-hidden=\"true\" class=\"elementkit-infobox-icon far fa-check-square\"><\/i>\n                <\/div>\n          <\/div>\n                        <div class=\"box-body\">\n                            <h3 class=\"elementskit-info-box-title\">\n                    Transport ch\u0142odniczy                <\/h3>\n                        \t\t  \t<p>Le transport de marchandises n\u00e9cessitant une temp\u00e9rature contr\u00f4l\u00e9e fait \u00e9galement partie de notre expertise. Notre flotte de v\u00e9hicules r\u00e9frig\u00e9r\u00e9s est \u00e9quip\u00e9e de technologies modernes garantissant le maintien de conditions thermiques appropri\u00e9es tout au long du processus de transport. Gr\u00e2ce \u00e0 notre exp\u00e9rience et \u00e0 nos normes op\u00e9rationnelles \u00e9lev\u00e9es, nous pouvons garantir que des produits tels que les aliments, les m\u00e9dicaments et autres marchandises sensibles arriveront \u00e0 destination en parfait \u00e9tat. Nous assurons la ponctualit\u00e9, la fiabilit\u00e9 et la pleine conformit\u00e9 aux exigences sanitaires et hygi\u00e9niques en Europe centrale, occidentale et en Scandinavie. \n<\/p>\n                                <\/div>\n        \n        \n                <\/div>\n                <\/a>\n        <\/div>\t\t\t\t<\/div>\n\t\t\t\t<\/div>\n\t\t\t\t\t<\/div>\n\t\t<\/div>\n\t\t\t\t<div class=\"elementor-column elementor-col-33 elementor-inner-column elementor-element elementor-element-7a37b2a elementor-invisible\" data-id=\"7a37b2a\" data-element_type=\"column\" data-e-type=\"column\" data-settings=\"{&quot;animation&quot;:&quot;fadeInUp&quot;,&quot;animation_delay&quot;:240}\">\n\t\t\t<div class=\"elementor-widget-wrap elementor-element-populated\">\n\t\t\t\t\t\t<div class=\"elementor-element elementor-element-346f28b elementor-widget-mobile__width-initial ekit-equal-height-disable elementor-widget elementor-widget-elementskit-icon-box\" data-id=\"346f28b\" data-element_type=\"widget\" data-e-type=\"widget\" data-widget_type=\"elementskit-icon-box.default\">\n\t\t\t\t<div class=\"elementor-widget-container\">\n\t\t\t\t\t<div class=\"ekit-wid-con\" >        <!-- link opening -->\n                <a href=\"#\" class=\"ekit_global_links\">\n                <!-- end link opening -->\n\n        <div class=\"elementskit-infobox text-center text-center icon-top-align elementor-animation-\">\n                    <div class=\"elementskit-box-header elementor-animation-\">\n                <div class=\"elementskit-info-box-icon\">\n                    <i aria-hidden=\"true\" class=\"elementkit-infobox-icon far fa-check-square\"><\/i>\n                <\/div>\n          <\/div>\n                        <div class=\"box-body\">\n                            <h3 class=\"elementskit-info-box-title\">\n                    Transport express                <\/h3>\n                        \t\t  \t<p>Les livraisons express signifient un transport rapide et efficace pour les clients les plus exigeants. Nos v\u00e9hicules modernes sont \u00e9quip\u00e9s de syst\u00e8mes GPS permettant de suivre les envois en temps r\u00e9el. Cela permet \u00e0 nos clients de contr\u00f4ler enti\u00e8rement le statut de leur cargaison. De plus, nous fournissons un service d'exp\u00e9dition disponible 24h\/24 et 7j\/7 pour r\u00e9pondre \u00e0 toutes les questions et offrir un soutien \u00e0 chaque \u00e9tape du transport. Notre engagement envers la ponctualit\u00e9, la fiabilit\u00e9 et la flexibilit\u00e9 nous permet de r\u00e9pondre aux normes les plus \u00e9lev\u00e9es de l'industrie du transport et de la logistique.\n<\/p>\n                                <\/div>\n        \n        \n                <\/div>\n                <\/a>\n        <\/div>\t\t\t\t<\/div>\n\t\t\t\t<\/div>\n\t\t\t\t\t<\/div>\n\t\t<\/div>\n\t\t\t\t\t<\/div>\n\t\t<\/section>\n\t\t\t\t<section class=\"elementor-section elementor-inner-section elementor-element elementor-element-aa8ef52 elementor-section-boxed elementor-section-height-default elementor-section-height-default\" data-id=\"aa8ef52\" data-element_type=\"section\" data-e-type=\"section\">\n\t\t\t\t\t\t<div class=\"elementor-container elementor-column-gap-default\">\n\t\t\t\t\t<div class=\"elementor-column elementor-col-100 elementor-inner-column elementor-element elementor-element-0fbacdf elementor-invisible\" data-id=\"0fbacdf\" data-element_type=\"column\" data-e-type=\"column\" data-settings=\"{&quot;animation&quot;:&quot;fadeInUp&quot;,&quot;animation_delay&quot;:240}\">\n\t\t\t<div class=\"elementor-widget-wrap elementor-element-populated\">\n\t\t\t\t\t\t<div class=\"elementor-element elementor-element-1409df5 elementor-widget-mobile__width-initial elementor-widget__width-initial ekit-equal-height-disable elementor-widget elementor-widget-elementskit-icon-box\" data-id=\"1409df5\" data-element_type=\"widget\" data-e-type=\"widget\" data-widget_type=\"elementskit-icon-box.default\">\n\t\t\t\t<div class=\"elementor-widget-container\">\n\t\t\t\t\t<div class=\"ekit-wid-con\" >        <!-- link opening -->\n                <a href=\"#\" class=\"ekit_global_links\">\n                <!-- end link opening -->\n\n        <div class=\"elementskit-infobox text-center text-center icon-top-align elementor-animation-\">\n                    <div class=\"elementskit-box-header elementor-animation-\">\n                <div class=\"elementskit-info-box-icon\">\n                    <i aria-hidden=\"true\" class=\"elementkit-infobox-icon far fa-check-square\"><\/i>\n                <\/div>\n          <\/div>\n                        <div class=\"box-body\">\n                            <h3 class=\"elementskit-info-box-title\">\n                    Magazynowanie towar\u00f3w                <\/h3>\n                        \t\t  \t<p>Gr\u00e2ce \u00e0 un vaste r\u00e9seau de clients avec lesquels nous entretenons des relations de longue date, notre entreprise offre \u00e9galement des possibilit\u00e9s de stockage des marchandises tant en Pologne qu'en Europe occidentale. Nos entrep\u00f4ts sont modernes et bien \u00e9quip\u00e9s, permettant un stockage s\u00fbr et efficace de divers produits. La coop\u00e9ration avec nos partenaires logistiques de confiance nous permet de g\u00e9rer l'espace de stockage de mani\u00e8re flexible et de r\u00e9pondre rapidement aux besoins des clients. Nous fournissons un service complet qui comprend non seulement le transport.<\/p>\n                                <\/div>\n        \n        \n                <\/div>\n                <\/a>\n        <\/div>\t\t\t\t<\/div>\n\t\t\t\t<\/div>\n\t\t\t\t\t<\/div>\n\t\t<\/div>\n\t\t\t\t\t<\/div>\n\t\t<\/section>\n\t\t\t\t\t<\/div>\n\t\t<\/div>\n\t\t\t\t\t<\/div>\n\t\t<\/section>\n\t\t\t\t<\/div>","protected":false},"excerpt":{"rendered":"<p>Transport Pod tym poj\u0119ciem kryj\u0119 si\u0119 znacznie wi\u0119cej ni\u017c Ci si\u0119 wydaje.\u00a0 Transport ADR NST zajmuje si\u0119 tak\u017ce \u015bwiadczeniem profesjonalnych us\u0142ug przewozu towar\u00f3w niebezpiecznych zgodnie z przepisami ADR. Gwarantujemy bezpieczny i sprawny transport materia\u0142\u00f3w, kt\u00f3re wymagaj\u0105 szczeg\u00f3lnej ostro\u017cno\u015bci. Oferujemy r\u00f3wnie\u017c us\u0142ugi przeprawiania towar\u00f3w niebezpiecznych przy pomocy prom\u00f3w morskich. Zaufanie naszych klient\u00f3w budujemy na solidnych fundamentach [&hellip;]<\/p>\n","protected":false},"author":1,"featured_media":0,"parent":0,"menu_order":0,"comment_status":"closed","ping_status":"closed","template":"","meta":{"footnotes":""},"class_list":["post-92","page","type-page","status-publish","hentry"],"_links":{"self":[{"href":"https:\/\/nstlogistik.com\/fr\/wp-json\/wp\/v2\/pages\/92","targetHints":{"allow":["GET"]}}],"collection":[{"href":"https:\/\/nstlogistik.com\/fr\/wp-json\/wp\/v2\/pages"}],"about":[{"href":"https:\/\/nstlogistik.com\/fr\/wp-json\/wp\/v2\/types\/page"}],"author":[{"embeddable":true,"href":"https:\/\/nstlogistik.com\/fr\/wp-json\/wp\/v2\/users\/1"}],"replies":[{"embeddable":true,"href":"https:\/\/nstlogistik.com\/fr\/wp-json\/wp\/v2\/comments?post=92"}],"version-history":[{"count":44,"href":"https:\/\/nstlogistik.com\/fr\/wp-json\/wp\/v2\/pages\/92\/revisions"}],"predecessor-version":[{"id":590,"href":"https:\/\/nstlogistik.com\/fr\/wp-json\/wp\/v2\/pages\/92\/revisions\/590"}],"wp:attachment":[{"href":"https:\/\/nstlogistik.com\/fr\/wp-json\/wp\/v2\/media?parent=92"}],"curies":[{"name":"wp","href":"https:\/\/api.w.org\/{rel}","templated":true}]}}