{"id":94,"date":"2024-02-16T11:23:12","date_gmt":"2024-02-16T11:23:12","guid":{"rendered":"https:\/\/nstlogistik.com\/?page_id=94"},"modified":"2024-06-19T12:44:05","modified_gmt":"2024-06-19T12:44:05","slug":"targi-i-eventy","status":"publish","type":"page","link":"https:\/\/nstlogistik.com\/fr\/targi-i-eventy\/","title":{"rendered":"Targi i Eventy"},"content":{"rendered":"<div data-elementor-type=\"wp-page\" data-elementor-id=\"94\" class=\"elementor elementor-94\" data-elementor-post-type=\"page\">\n\t\t\t\t\t\t<section class=\"elementor-section elementor-top-section elementor-element elementor-element-3eb68ace elementor-section-boxed elementor-section-height-default elementor-section-height-default\" data-id=\"3eb68ace\" data-element_type=\"section\" data-e-type=\"section\" data-settings=\"{&quot;background_background&quot;:&quot;classic&quot;}\">\n\t\t\t\t\t\t\t<div class=\"elementor-background-overlay\"><\/div>\n\t\t\t\t\t\t\t<div class=\"elementor-container elementor-column-gap-default\">\n\t\t\t\t\t<div class=\"elementor-column elementor-col-100 elementor-top-column elementor-element elementor-element-73d066be\" data-id=\"73d066be\" data-element_type=\"column\" data-e-type=\"column\">\n\t\t\t<div class=\"elementor-widget-wrap elementor-element-populated\">\n\t\t\t\t\t\t<section class=\"elementor-section elementor-inner-section elementor-element elementor-element-145ba999 elementor-section-boxed elementor-section-height-default elementor-section-height-default\" data-id=\"145ba999\" data-element_type=\"section\" data-e-type=\"section\">\n\t\t\t\t\t\t<div class=\"elementor-container elementor-column-gap-default\">\n\t\t\t\t\t<div class=\"elementor-column elementor-col-100 elementor-inner-column elementor-element elementor-element-1c847574\" data-id=\"1c847574\" data-element_type=\"column\" data-e-type=\"column\">\n\t\t\t<div class=\"elementor-widget-wrap elementor-element-populated\">\n\t\t\t\t\t\t<div class=\"elementor-element elementor-element-571c3dfc elementor-invisible elementor-widget elementor-widget-heading\" data-id=\"571c3dfc\" data-element_type=\"widget\" data-e-type=\"widget\" data-settings=\"{&quot;_animation&quot;:&quot;fadeInUp&quot;}\" data-widget_type=\"heading.default\">\n\t\t\t\t<div class=\"elementor-widget-container\">\n\t\t\t\t\t<h2 class=\"elementor-heading-title elementor-size-default\">Targi i Eventy<\/h2>\t\t\t\t<\/div>\n\t\t\t\t<\/div>\n\t\t\t\t<div class=\"elementor-element elementor-element-731956bc elementor-invisible elementor-widget elementor-widget-text-editor\" data-id=\"731956bc\" data-element_type=\"widget\" data-e-type=\"widget\" data-settings=\"{&quot;_animation&quot;:&quot;fadeInUp&quot;,&quot;_animation_delay&quot;:360}\" data-widget_type=\"text-editor.default\">\n\t\t\t\t<div class=\"elementor-widget-container\">\n\t\t\t\t\t\t\t\t\t<p>Przep\u0142yw informacji w czasie rzeczywistym kluczem do sukcesu w bran\u017cy<\/p>\t\t\t\t\t\t\t\t<\/div>\n\t\t\t\t<\/div>\n\t\t\t\t\t<\/div>\n\t\t<\/div>\n\t\t\t\t\t<\/div>\n\t\t<\/section>\n\t\t\t\t\t<\/div>\n\t\t<\/div>\n\t\t\t\t\t<\/div>\n\t\t<\/section>\n\t\t\t\t<section class=\"elementor-section elementor-top-section elementor-element elementor-element-665a56 elementor-section-boxed elementor-section-height-default elementor-section-height-default\" data-id=\"665a56\" data-element_type=\"section\" data-e-type=\"section\">\n\t\t\t\t\t\t<div class=\"elementor-container elementor-column-gap-default\">\n\t\t\t\t\t<div class=\"elementor-column elementor-col-100 elementor-top-column elementor-element elementor-element-6114917\" data-id=\"6114917\" data-element_type=\"column\" data-e-type=\"column\">\n\t\t\t<div class=\"elementor-widget-wrap elementor-element-populated\">\n\t\t\t\t\t\t<section class=\"elementor-section elementor-inner-section elementor-element elementor-element-1fd1b588 elementor-section-boxed elementor-section-height-default elementor-section-height-default\" data-id=\"1fd1b588\" data-element_type=\"section\" data-e-type=\"section\">\n\t\t\t\t\t\t<div class=\"elementor-container elementor-column-gap-default\">\n\t\t\t\t\t<div class=\"elementor-column elementor-col-50 elementor-inner-column elementor-element elementor-element-767ffe40 elementor-invisible\" data-id=\"767ffe40\" data-element_type=\"column\" data-e-type=\"column\" data-settings=\"{&quot;animation&quot;:&quot;fadeInUp&quot;,&quot;animation_delay&quot;:240}\">\n\t\t\t<div class=\"elementor-widget-wrap elementor-element-populated\">\n\t\t\t\t\t\t<div class=\"elementor-element elementor-element-935e710 elementor-widget-mobile__width-initial elementor-widget__width-initial ekit-equal-height-disable elementor-widget elementor-widget-elementskit-icon-box\" data-id=\"935e710\" data-element_type=\"widget\" data-e-type=\"widget\" data-widget_type=\"elementskit-icon-box.default\">\n\t\t\t\t<div class=\"elementor-widget-container\">\n\t\t\t\t\t<div class=\"ekit-wid-con\" >        <!-- link opening -->\n                <a href=\"#\" class=\"ekit_global_links\">\n                <!-- end link opening -->\n\n        <div class=\"elementskit-infobox text-center text-center icon-top-align elementor-animation-\">\n                    <div class=\"elementskit-box-header elementor-animation-\">\n                <div class=\"elementskit-info-box-icon\">\n                    <i aria-hidden=\"true\" class=\"elementkit-infobox-icon far fa-calendar-alt\"><\/i>\n                <\/div>\n          <\/div>\n                        <div class=\"box-body\">\n                            <h3 class=\"elementskit-info-box-title\">\n                    Offres \u00e0 long terme                <\/h3>\n                        \t\t  \t<p>Chez No Stress Transport, nous savons combien il est important pour nos clients de planifier et d'avoir une certitude des co\u00fbts li\u00e9s au transport de marchandises. C'est pourquoi nous offrons un service de tarification des transports de marchandises avec des dates d'ex\u00e9cution \u00e9loign\u00e9es, garantissant le prix fix\u00e9 ind\u00e9pendamment des conditions de march\u00e9 changeantes. Nos tarifs sont toujours \"tout compris\", y compris les ferries, ponts ou p\u00e9ages, de sorte que vous, en tant que donneur d'ordre, n'avez pas \u00e0 vous soucier de ces questions.\n\nSur la base d'informations d\u00e9taill\u00e9es sur la cargaison, l'itin\u00e9raire et les exigences temporelles, nous pr\u00e9parons un devis pr\u00e9cis.\nGarantie de prix? Le prix fix\u00e9 au moment du devis reste inchang\u00e9 jusqu'au jour de l'ex\u00e9cution du transport, ce qui permet une planification pr\u00e9cise du budget.\nApproche individuelle \u2013 chaque client est unique pour nous, c'est pourquoi nous abordons chaque devis individuellement, en tenant compte des besoins et exigences sp\u00e9cifiques.<\/p>\n                                <\/div>\n        \n        \n                <\/div>\n                <\/a>\n        <\/div>\t\t\t\t<\/div>\n\t\t\t\t<\/div>\n\t\t\t\t\t<\/div>\n\t\t<\/div>\n\t\t\t\t<div class=\"elementor-column elementor-col-50 elementor-inner-column elementor-element elementor-element-7927c1f8 elementor-invisible\" data-id=\"7927c1f8\" data-element_type=\"column\" data-e-type=\"column\" data-settings=\"{&quot;animation&quot;:&quot;fadeInUp&quot;}\">\n\t\t\t<div class=\"elementor-widget-wrap elementor-element-populated\">\n\t\t\t\t\t\t<div class=\"elementor-element elementor-element-780a515 elementor-widget elementor-widget-image\" data-id=\"780a515\" data-element_type=\"widget\" data-e-type=\"widget\" data-widget_type=\"image.default\">\n\t\t\t\t<div class=\"elementor-widget-container\">\n\t\t\t\t\t\t\t\t\t\t\t\t\t\t\t<img fetchpriority=\"high\" decoding=\"async\" width=\"697\" height=\"665\" src=\"https:\/\/nstlogistik.com\/wp-content\/uploads\/2024\/06\/1000_F_43524269_wOb6YJ8u4iLGsQT0KMyH1mfhnFzj7imu-5.jpg\" class=\"attachment-large size-large wp-image-533\" alt=\"\" srcset=\"https:\/\/nstlogistik.com\/wp-content\/uploads\/2024\/06\/1000_F_43524269_wOb6YJ8u4iLGsQT0KMyH1mfhnFzj7imu-5.jpg 697w, https:\/\/nstlogistik.com\/wp-content\/uploads\/2024\/06\/1000_F_43524269_wOb6YJ8u4iLGsQT0KMyH1mfhnFzj7imu-5-300x286.jpg 300w, https:\/\/nstlogistik.com\/wp-content\/uploads\/2024\/06\/1000_F_43524269_wOb6YJ8u4iLGsQT0KMyH1mfhnFzj7imu-5-13x12.jpg 13w\" sizes=\"(max-width: 697px) 100vw, 697px\" \/>\t\t\t\t\t\t\t\t\t\t\t\t\t\t\t<\/div>\n\t\t\t\t<\/div>\n\t\t\t\t\t<\/div>\n\t\t<\/div>\n\t\t\t\t\t<\/div>\n\t\t<\/section>\n\t\t\t\t<section class=\"elementor-section elementor-inner-section elementor-element elementor-element-a8cfdf0 elementor-section-boxed elementor-section-height-default elementor-section-height-default\" data-id=\"a8cfdf0\" data-element_type=\"section\" data-e-type=\"section\">\n\t\t\t\t\t\t<div class=\"elementor-container elementor-column-gap-default\">\n\t\t\t\t\t<div class=\"elementor-column elementor-col-50 elementor-inner-column elementor-element elementor-element-f75c83a elementor-invisible\" data-id=\"f75c83a\" data-element_type=\"column\" data-e-type=\"column\" data-settings=\"{&quot;animation&quot;:&quot;fadeInUp&quot;,&quot;animation_delay&quot;:240}\">\n\t\t\t<div class=\"elementor-widget-wrap elementor-element-populated\">\n\t\t\t\t\t\t<div class=\"elementor-element elementor-element-f975888 elementor-widget elementor-widget-image\" data-id=\"f975888\" data-element_type=\"widget\" data-e-type=\"widget\" data-widget_type=\"image.default\">\n\t\t\t\t<div class=\"elementor-widget-container\">\n\t\t\t\t\t\t\t\t\t\t\t\t\t\t\t<img decoding=\"async\" width=\"800\" height=\"627\" src=\"https:\/\/nstlogistik.com\/wp-content\/uploads\/2024\/06\/ssss-1-1024x803.jpg\" class=\"attachment-large size-large wp-image-554\" alt=\"\" srcset=\"https:\/\/nstlogistik.com\/wp-content\/uploads\/2024\/06\/ssss-1-1024x803.jpg 1024w, https:\/\/nstlogistik.com\/wp-content\/uploads\/2024\/06\/ssss-1-300x235.jpg 300w, https:\/\/nstlogistik.com\/wp-content\/uploads\/2024\/06\/ssss-1-768x602.jpg 768w, https:\/\/nstlogistik.com\/wp-content\/uploads\/2024\/06\/ssss-1-15x12.jpg 15w, https:\/\/nstlogistik.com\/wp-content\/uploads\/2024\/06\/ssss-1.jpg 1377w\" sizes=\"(max-width: 800px) 100vw, 800px\" \/>\t\t\t\t\t\t\t\t\t\t\t\t\t\t\t<\/div>\n\t\t\t\t<\/div>\n\t\t\t\t\t<\/div>\n\t\t<\/div>\n\t\t\t\t<div class=\"elementor-column elementor-col-50 elementor-inner-column elementor-element elementor-element-d0d477f\" data-id=\"d0d477f\" data-element_type=\"column\" data-e-type=\"column\">\n\t\t\t<div class=\"elementor-widget-wrap elementor-element-populated\">\n\t\t\t\t\t\t<div class=\"elementor-element elementor-element-3b145523 elementor-widget-mobile__width-initial elementor-widget__width-initial ekit-equal-height-disable elementor-widget elementor-widget-elementskit-icon-box\" data-id=\"3b145523\" data-element_type=\"widget\" data-e-type=\"widget\" data-widget_type=\"elementskit-icon-box.default\">\n\t\t\t\t<div class=\"elementor-widget-container\">\n\t\t\t\t\t<div class=\"ekit-wid-con\" >        <!-- link opening -->\n                <a href=\"#\" class=\"ekit_global_links\">\n                <!-- end link opening -->\n\n        <div class=\"elementskit-infobox text-center text-center icon-top-align elementor-animation-\">\n                    <div class=\"elementskit-box-header elementor-animation-\">\n                <div class=\"elementskit-info-box-icon\">\n                    <i aria-hidden=\"true\" class=\"elementkit-infobox-icon lnr lnr-location\"><\/i>\n                <\/div>\n          <\/div>\n                        <div class=\"box-body\">\n                            <h3 class=\"elementskit-info-box-title\">\n                    Emplacements                 <\/h3>\n                        \t\t  \t<p>No Stress Transport livre pour des salons et \u00e9v\u00e9nements dans toute l'Europe. Les h\u00f4tels, centres de conf\u00e9rence, sites sportifs et b\u00e2timents publics nous sont familiers. Nous connaissons l'infrastructure et le fonctionnement de ces lieux, ce qui nous permet de fournir un service efficace et efficient. Notre \u00e9quipe poss\u00e8de de nombreuses ann\u00e9es d'exp\u00e9rience et de nombreux contacts avec les personnes g\u00e9rant la logistique des salons, ce qui nous permet d'effectuer les livraisons et les enl\u00e8vements de mani\u00e8re fluide et rapide apr\u00e8s la fin de l'\u00e9v\u00e9nement. Gr\u00e2ce \u00e0 nos comp\u00e9tences et \u00e0 notre savoir-faire acquis au fil des ans, nous pouvons garantir la ponctualit\u00e9 et la plus haute qualit\u00e9 des services logistiques pour des \u00e9v\u00e9nements de tout type dans toute l'Europe, y compris les \u00eeles accessibles par ferry.<\/p>\n                                <\/div>\n        \n        \n                <\/div>\n                <\/a>\n        <\/div>\t\t\t\t<\/div>\n\t\t\t\t<\/div>\n\t\t\t\t\t<\/div>\n\t\t<\/div>\n\t\t\t\t\t<\/div>\n\t\t<\/section>\n\t\t\t\t<section class=\"elementor-section elementor-inner-section elementor-element elementor-element-a319ac7 elementor-section-boxed elementor-section-height-default elementor-section-height-default\" data-id=\"a319ac7\" data-element_type=\"section\" data-e-type=\"section\">\n\t\t\t\t\t\t<div class=\"elementor-container elementor-column-gap-default\">\n\t\t\t\t\t<div class=\"elementor-column elementor-col-50 elementor-inner-column elementor-element elementor-element-240a743\" data-id=\"240a743\" data-element_type=\"column\" data-e-type=\"column\">\n\t\t\t<div class=\"elementor-widget-wrap elementor-element-populated\">\n\t\t\t\t\t\t<div class=\"elementor-element elementor-element-23a26af elementor-widget-mobile__width-initial elementor-widget__width-initial ekit-equal-height-disable elementor-widget elementor-widget-elementskit-icon-box\" data-id=\"23a26af\" data-element_type=\"widget\" data-e-type=\"widget\" data-widget_type=\"elementskit-icon-box.default\">\n\t\t\t\t<div class=\"elementor-widget-container\">\n\t\t\t\t\t<div class=\"ekit-wid-con\" >        <!-- link opening -->\n                <a href=\"#\" class=\"ekit_global_links\">\n                <!-- end link opening -->\n\n        <div class=\"elementskit-infobox text-center text-center icon-top-align elementor-animation-\">\n                    <div class=\"elementskit-box-header elementor-animation-\">\n                <div class=\"elementskit-info-box-icon\">\n                    <i aria-hidden=\"true\" class=\"elementkit-infobox-icon fas fa-truck-loading\"><\/i>\n                <\/div>\n          <\/div>\n                        <div class=\"box-body\">\n                            <h3 class=\"elementskit-info-box-title\">\n                    Moyens de transport                <\/h3>\n                        \t\t  \t<p>No Stress Transport dispose d'une flotte de v\u00e9hicules diversifi\u00e9e, comprenant des fourgonnettes, des camions solos et des remorques. Beaucoup de nos v\u00e9hicules sont \u00e9quip\u00e9s de hayons \u00e9l\u00e9vateurs et de transpalettes, ce qui s'av\u00e8re souvent inestimable sur les lieux de livraison. Nos chauffeurs connaissent bien l'infrastructure et les sp\u00e9cificit\u00e9s des salons et \u00e9v\u00e9nements. Ils comprennent la n\u00e9cessit\u00e9 de livrer les marchandises directement aux stands de salon ou dans les pi\u00e8ces d\u00e9sign\u00e9es par les clients. Nous veillons \u00e9galement aux normes de s\u00e9curit\u00e9 les plus \u00e9lev\u00e9es afin que chaque cargaison arrive en parfait \u00e9tat<\/p>\n                                <\/div>\n        \n        \n                <\/div>\n                <\/a>\n        <\/div>\t\t\t\t<\/div>\n\t\t\t\t<\/div>\n\t\t\t\t\t<\/div>\n\t\t<\/div>\n\t\t\t\t<div class=\"elementor-column elementor-col-50 elementor-inner-column elementor-element elementor-element-1e50a35\" data-id=\"1e50a35\" data-element_type=\"column\" data-e-type=\"column\">\n\t\t\t<div class=\"elementor-widget-wrap elementor-element-populated\">\n\t\t\t\t\t\t<div class=\"elementor-element elementor-element-8a20752 elementor-widget elementor-widget-image\" data-id=\"8a20752\" data-element_type=\"widget\" data-e-type=\"widget\" data-widget_type=\"image.default\">\n\t\t\t\t<div class=\"elementor-widget-container\">\n\t\t\t\t\t\t\t\t\t\t\t\t\t\t\t<img decoding=\"async\" width=\"697\" height=\"512\" src=\"https:\/\/nstlogistik.com\/wp-content\/uploads\/2024\/06\/flotaa-1.jpg\" class=\"attachment-large size-large wp-image-558\" alt=\"\" srcset=\"https:\/\/nstlogistik.com\/wp-content\/uploads\/2024\/06\/flotaa-1.jpg 697w, https:\/\/nstlogistik.com\/wp-content\/uploads\/2024\/06\/flotaa-1-300x220.jpg 300w, https:\/\/nstlogistik.com\/wp-content\/uploads\/2024\/06\/flotaa-1-16x12.jpg 16w\" sizes=\"(max-width: 697px) 100vw, 697px\" \/>\t\t\t\t\t\t\t\t\t\t\t\t\t\t\t<\/div>\n\t\t\t\t<\/div>\n\t\t\t\t\t<\/div>\n\t\t<\/div>\n\t\t\t\t\t<\/div>\n\t\t<\/section>\n\t\t\t\t<section class=\"elementor-section elementor-inner-section elementor-element elementor-element-2788a0c elementor-section-boxed elementor-section-height-default elementor-section-height-default\" data-id=\"2788a0c\" data-element_type=\"section\" data-e-type=\"section\">\n\t\t\t\t\t\t<div class=\"elementor-container elementor-column-gap-default\">\n\t\t\t\t\t<div class=\"elementor-column elementor-col-50 elementor-inner-column elementor-element elementor-element-da2d5bc\" data-id=\"da2d5bc\" data-element_type=\"column\" data-e-type=\"column\">\n\t\t\t<div class=\"elementor-widget-wrap elementor-element-populated\">\n\t\t\t\t\t\t<div class=\"elementor-element elementor-element-10d76d9 elementor-widget elementor-widget-image\" data-id=\"10d76d9\" data-element_type=\"widget\" data-e-type=\"widget\" data-widget_type=\"image.default\">\n\t\t\t\t<div class=\"elementor-widget-container\">\n\t\t\t\t\t\t\t\t\t\t\t\t\t\t\t<img loading=\"lazy\" decoding=\"async\" width=\"800\" height=\"766\" src=\"https:\/\/nstlogistik.com\/wp-content\/uploads\/2024\/06\/komunikacja-interpersonalna-w-zyciukkkkkkkkk-1.jpg\" class=\"attachment-large size-large wp-image-561\" alt=\"\" srcset=\"https:\/\/nstlogistik.com\/wp-content\/uploads\/2024\/06\/komunikacja-interpersonalna-w-zyciukkkkkkkkk-1.jpg 836w, https:\/\/nstlogistik.com\/wp-content\/uploads\/2024\/06\/komunikacja-interpersonalna-w-zyciukkkkkkkkk-1-300x287.jpg 300w, https:\/\/nstlogistik.com\/wp-content\/uploads\/2024\/06\/komunikacja-interpersonalna-w-zyciukkkkkkkkk-1-768x735.jpg 768w, https:\/\/nstlogistik.com\/wp-content\/uploads\/2024\/06\/komunikacja-interpersonalna-w-zyciukkkkkkkkk-1-13x12.jpg 13w\" sizes=\"(max-width: 800px) 100vw, 800px\" \/>\t\t\t\t\t\t\t\t\t\t\t\t\t\t\t<\/div>\n\t\t\t\t<\/div>\n\t\t\t\t\t<\/div>\n\t\t<\/div>\n\t\t\t\t<div class=\"elementor-column elementor-col-50 elementor-inner-column elementor-element elementor-element-eb8cbc3\" data-id=\"eb8cbc3\" data-element_type=\"column\" data-e-type=\"column\">\n\t\t\t<div class=\"elementor-widget-wrap elementor-element-populated\">\n\t\t\t\t\t\t<div class=\"elementor-element elementor-element-e1a9aba elementor-widget-mobile__width-initial elementor-widget__width-initial ekit-equal-height-disable elementor-widget elementor-widget-elementskit-icon-box\" data-id=\"e1a9aba\" data-element_type=\"widget\" data-e-type=\"widget\" data-widget_type=\"elementskit-icon-box.default\">\n\t\t\t\t<div class=\"elementor-widget-container\">\n\t\t\t\t\t<div class=\"ekit-wid-con\" >        <!-- link opening -->\n                <a href=\"#\" class=\"ekit_global_links\">\n                <!-- end link opening -->\n\n        <div class=\"elementskit-infobox text-center text-center icon-top-align elementor-animation-\">\n                    <div class=\"elementskit-box-header elementor-animation-\">\n                <div class=\"elementskit-info-box-icon\">\n                    <i aria-hidden=\"true\" class=\"elementkit-infobox-icon far fa-comment-dots\"><\/i>\n                <\/div>\n          <\/div>\n                        <div class=\"box-body\">\n                            <h3 class=\"elementskit-info-box-title\">\n                    M\u00e9thodes de communication                 <\/h3>\n                        \t\t  \t<p>Chez No Stress Transport, nous mettons l'accent sur une communication efficace et fiable entre nous, nos clients et les personnes g\u00e9rant les \u00e9v\u00e9nements o\u00f9 nous livrons ou r\u00e9cup\u00e9rons des marchandises. Nos employ\u00e9s sont disponibles 24h\/24 par t\u00e9l\u00e9phone, WhatsApp et email pour fournir un soutien et r\u00e9soudre tout probl\u00e8me \u00e9ventuel. La logistique des salons et \u00e9v\u00e9nements est tr\u00e8s sp\u00e9cifique et n\u00e9cessite souvent de travailler en dehors des heures normales, pour lesquelles nous sommes toujours pr\u00e9par\u00e9s.\n\nPour assurer une s\u00e9curit\u00e9 maximale \u00e0 nos clients, nous ne laissons rien au hasard. Chacun de nos employ\u00e9s a un assistant, ce qui permet une r\u00e9action rapide en cas de circonstances impr\u00e9vues. Le client re\u00e7oit toujours les coordonn\u00e9es compl\u00e8tes de deux personnes, garantissant disponibilit\u00e9 et soutien dans toutes les situations. Cela nous permet d'assurer un service logistique fluide et sans stress, adapt\u00e9 aux exigences sp\u00e9cifiques du secteur \u00e9v\u00e9nementiel.<\/p>\n                                <\/div>\n        \n        \n                <\/div>\n                <\/a>\n        <\/div>\t\t\t\t<\/div>\n\t\t\t\t<\/div>\n\t\t\t\t\t<\/div>\n\t\t<\/div>\n\t\t\t\t\t<\/div>\n\t\t<\/section>\n\t\t\t\t\t<\/div>\n\t\t<\/div>\n\t\t\t\t\t<\/div>\n\t\t<\/section>\n\t\t\t\t<\/div>","protected":false},"excerpt":{"rendered":"<p>Targi i Eventy Przep\u0142yw informacji w czasie rzeczywistym kluczem do sukcesu w bran\u017cy Wyceny d\u0142ugoterminowe W No Stress Transport wiemy, jak wa\u017cne jest dla naszych klient\u00f3w planowanie i pewno\u015b\u0107 koszt\u00f3w zwi\u0105zanych z przewozem \u0142adunk\u00f3w. Dlatego oferujemy us\u0142ug\u0119 wyceniania przewozu \u0142adunk\u00f3w z odleg\u0142ymi terminami realizacji, gwarantuj\u0105c ustalon\u0105 cen\u0119 niezale\u017cnie od zmieniaj\u0105cych si\u0119 warunk\u00f3w rynkowych. Nasze stawki [&hellip;]<\/p>\n","protected":false},"author":1,"featured_media":0,"parent":0,"menu_order":0,"comment_status":"closed","ping_status":"closed","template":"","meta":{"footnotes":""},"class_list":["post-94","page","type-page","status-publish","hentry"],"_links":{"self":[{"href":"https:\/\/nstlogistik.com\/fr\/wp-json\/wp\/v2\/pages\/94","targetHints":{"allow":["GET"]}}],"collection":[{"href":"https:\/\/nstlogistik.com\/fr\/wp-json\/wp\/v2\/pages"}],"about":[{"href":"https:\/\/nstlogistik.com\/fr\/wp-json\/wp\/v2\/types\/page"}],"author":[{"embeddable":true,"href":"https:\/\/nstlogistik.com\/fr\/wp-json\/wp\/v2\/users\/1"}],"replies":[{"embeddable":true,"href":"https:\/\/nstlogistik.com\/fr\/wp-json\/wp\/v2\/comments?post=94"}],"version-history":[{"count":50,"href":"https:\/\/nstlogistik.com\/fr\/wp-json\/wp\/v2\/pages\/94\/revisions"}],"predecessor-version":[{"id":564,"href":"https:\/\/nstlogistik.com\/fr\/wp-json\/wp\/v2\/pages\/94\/revisions\/564"}],"wp:attachment":[{"href":"https:\/\/nstlogistik.com\/fr\/wp-json\/wp\/v2\/media?parent=94"}],"curies":[{"name":"wp","href":"https:\/\/api.w.org\/{rel}","templated":true}]}}